{"id":5165,"date":"2026-04-22T14:54:31","date_gmt":"2026-04-22T12:54:31","guid":{"rendered":"https:\/\/pathotec.ch\/produkt\/rouge-de-pepins-romeis-0-1\/"},"modified":"2026-04-22T14:54:31","modified_gmt":"2026-04-22T12:54:31","slug":"rouge-de-pepins-romeis-0-1","status":"publish","type":"product","link":"https:\/\/pathotec.ch\/fr\/produkt\/rouge-de-pepins-romeis-0-1\/","title":{"rendered":"Rouge de p\u00e9pins Romeis 0.1%"},"excerpt":{"rendered":"<p>Fabriqu\u00e9 en Suisse selon les normes de qualit\u00e9 les plus strictes, ce produit garantit une grande s\u00e9curit\u00e9 des processus, une qualit\u00e9 constante et une tra\u00e7abilit\u00e9 compl\u00e8te, tout en assurant des circuits de livraison courts et une grande disponibilit\u00e9. La formulation pr\u00eate \u00e0 l&#8217;emploi est parfaitement adapt\u00e9e aux <strong>applications histologiques et cytologiques<\/strong> et permet d&rsquo;obtenir des r\u00e9sultats pr\u00e9cis et reproductibles tout en s&rsquo;int\u00e9grant facilement dans les flux de travail existants des laboratoires. <\/p>\n","protected":false},"featured_media":5167,"comment_status":"closed","ping_status":"closed","template":"","meta":{"_acf_changed":false},"product_brand":[],"product_cat":[113,146,653],"product_tag":[1017,747,1016,749],"class_list":{"0":"post-5165","1":"product","2":"type-product","3":"status-publish","4":"has-post-thumbnail","6":"product_cat-consommables","7":"product_cat-coloration-recouvrement","8":"product_cat-reactifs-de-coloration","9":"product_tag-fast-red","10":"product_tag-kernechtrot","11":"product_tag-nucleaire","12":"product_tag-nuclear-fast-red","14":"first","15":"instock","16":"shipping-taxable","17":"product-type-simple"},"acf":[],"_links":{"self":[{"href":"https:\/\/pathotec.ch\/fr\/wp-json\/wp\/v2\/product\/5165","targetHints":{"allow":["GET"]}}],"collection":[{"href":"https:\/\/pathotec.ch\/fr\/wp-json\/wp\/v2\/product"}],"about":[{"href":"https:\/\/pathotec.ch\/fr\/wp-json\/wp\/v2\/types\/product"}],"replies":[{"embeddable":true,"href":"https:\/\/pathotec.ch\/fr\/wp-json\/wp\/v2\/comments?post=5165"}],"wp:featuredmedia":[{"embeddable":true,"href":"https:\/\/pathotec.ch\/fr\/wp-json\/wp\/v2\/media\/5167"}],"wp:attachment":[{"href":"https:\/\/pathotec.ch\/fr\/wp-json\/wp\/v2\/media?parent=5165"}],"wp:term":[{"taxonomy":"product_brand","embeddable":true,"href":"https:\/\/pathotec.ch\/fr\/wp-json\/wp\/v2\/product_brand?post=5165"},{"taxonomy":"product_cat","embeddable":true,"href":"https:\/\/pathotec.ch\/fr\/wp-json\/wp\/v2\/product_cat?post=5165"},{"taxonomy":"product_tag","embeddable":true,"href":"https:\/\/pathotec.ch\/fr\/wp-json\/wp\/v2\/product_tag?post=5165"}],"curies":[{"name":"wp","href":"https:\/\/api.w.org\/{rel}","templated":true}]}}