{"id":4874,"date":"2025-05-28T13:47:18","date_gmt":"2025-05-28T11:47:18","guid":{"rendered":"https:\/\/pathotec.ch\/produkt\/block-armoire-darchivage\/"},"modified":"2025-05-28T13:47:18","modified_gmt":"2025-05-28T11:47:18","slug":"block-armoire-darchivage","status":"publish","type":"product","link":"https:\/\/pathotec.ch\/fr\/produkt\/block-armoire-darchivage\/","title":{"rendered":"BLOCK ARMOIRE D&rsquo;ARCHIVAGE"},"excerpt":{"rendered":"<p>Armoire de rangement robuste en mat\u00e9riau ABS r\u00e9sistant avec des dimensions ext\u00e9rieures de L442 \u00d7 l250 \u00d7 H409 mm. \u00c9quip\u00e9 d&rsquo;une poign\u00e9e polie \u00e0 la main pour une extraction s\u00fbre et confortable. Chaque unit\u00e9 dispose de <strong>6 tiroirs pouvant contenir jusqu&rsquo;\u00e0 2 100 blocs de paraffine<\/strong>, avec une \u00e9tiquette inscriptible sous un couvercle en plastique. Les modules empilables poss\u00e8dent un syst\u00e8me de verrouillage int\u00e9gr\u00e9 permettant de stocker plusieurs unit\u00e9s en toute s\u00e9curit\u00e9.  <\/p>\n","protected":false},"featured_media":3865,"comment_status":"closed","ping_status":"closed","template":"","meta":{"_acf_changed":false},"product_brand":[],"product_cat":[140,839],"product_tag":[],"class_list":{"0":"post-4874","1":"product","2":"type-product","3":"status-publish","4":"has-post-thumbnail","6":"product_cat-archivage-elimination","7":"product_cat-plastique","9":"first","10":"instock","11":"shipping-taxable","12":"product-type-simple"},"acf":[],"_links":{"self":[{"href":"https:\/\/pathotec.ch\/fr\/wp-json\/wp\/v2\/product\/4874","targetHints":{"allow":["GET"]}}],"collection":[{"href":"https:\/\/pathotec.ch\/fr\/wp-json\/wp\/v2\/product"}],"about":[{"href":"https:\/\/pathotec.ch\/fr\/wp-json\/wp\/v2\/types\/product"}],"replies":[{"embeddable":true,"href":"https:\/\/pathotec.ch\/fr\/wp-json\/wp\/v2\/comments?post=4874"}],"wp:featuredmedia":[{"embeddable":true,"href":"https:\/\/pathotec.ch\/fr\/wp-json\/wp\/v2\/media\/3865"}],"wp:attachment":[{"href":"https:\/\/pathotec.ch\/fr\/wp-json\/wp\/v2\/media?parent=4874"}],"wp:term":[{"taxonomy":"product_brand","embeddable":true,"href":"https:\/\/pathotec.ch\/fr\/wp-json\/wp\/v2\/product_brand?post=4874"},{"taxonomy":"product_cat","embeddable":true,"href":"https:\/\/pathotec.ch\/fr\/wp-json\/wp\/v2\/product_cat?post=4874"},{"taxonomy":"product_tag","embeddable":true,"href":"https:\/\/pathotec.ch\/fr\/wp-json\/wp\/v2\/product_tag?post=4874"}],"curies":[{"name":"wp","href":"https:\/\/api.w.org\/{rel}","templated":true}]}}