{"id":4842,"date":"2025-05-23T10:51:50","date_gmt":"2025-05-23T08:51:50","guid":{"rendered":"https:\/\/pathotec.ch\/produkt\/scanner-numerique-de-lames-de-pathologie-kf-pro-400\/"},"modified":"2025-05-23T10:51:50","modified_gmt":"2025-05-23T08:51:50","slug":"scanner-numerique-de-lames-de-pathologie-kf-pro-400","status":"publish","type":"product","link":"https:\/\/pathotec.ch\/fr\/produkt\/scanner-numerique-de-lames-de-pathologie-kf-pro-400\/","title":{"rendered":"Scanner num\u00e9rique de lames de pathologie KF-PRO-400"},"excerpt":{"rendered":"<p><span class=\"relative -mx-px my-[-0.2rem] rounded px-px py-[0.2rem] transition-colors duration-100 ease-in-out\">Le KF-PRO-400 de KFBIO est un scanner de pathologie num\u00e9rique de pointe sp\u00e9cialement con\u00e7u pour une utilisation dans les h\u00f4pitaux, les instituts de recherche et les laboratoires \u00e0 haut d\u00e9bit.<\/span> <span class=\"relative -mx-px my-[-0.2rem] rounded px-px py-[0.2rem] transition-colors duration-100 ease-in-out\">Il permet de num\u00e9riser jusqu&rsquo;\u00e0 400 lames \u00e0 la fois, en combinant vitesse, pr\u00e9cision et polyvalence.<\/span><\/p>\n","protected":false},"featured_media":3612,"comment_status":"closed","ping_status":"closed","template":"","meta":{"_acf_changed":false},"product_brand":[],"product_cat":[87,130,682,683],"product_tag":[],"class_list":{"0":"post-4842","1":"product","2":"type-product","3":"status-publish","4":"has-post-thumbnail","6":"product_cat-equipment-fr","7":"product_cat-microscopie-numerique-scanner","8":"product_cat-scanner-de-lames","9":"product_cat-scanners-de-lames-fluorescentes","11":"first","12":"instock","13":"featured","14":"taxable","15":"shipping-taxable","16":"product-type-simple"},"acf":[],"_links":{"self":[{"href":"https:\/\/pathotec.ch\/fr\/wp-json\/wp\/v2\/product\/4842","targetHints":{"allow":["GET"]}}],"collection":[{"href":"https:\/\/pathotec.ch\/fr\/wp-json\/wp\/v2\/product"}],"about":[{"href":"https:\/\/pathotec.ch\/fr\/wp-json\/wp\/v2\/types\/product"}],"replies":[{"embeddable":true,"href":"https:\/\/pathotec.ch\/fr\/wp-json\/wp\/v2\/comments?post=4842"}],"wp:featuredmedia":[{"embeddable":true,"href":"https:\/\/pathotec.ch\/fr\/wp-json\/wp\/v2\/media\/3612"}],"wp:attachment":[{"href":"https:\/\/pathotec.ch\/fr\/wp-json\/wp\/v2\/media?parent=4842"}],"wp:term":[{"taxonomy":"product_brand","embeddable":true,"href":"https:\/\/pathotec.ch\/fr\/wp-json\/wp\/v2\/product_brand?post=4842"},{"taxonomy":"product_cat","embeddable":true,"href":"https:\/\/pathotec.ch\/fr\/wp-json\/wp\/v2\/product_cat?post=4842"},{"taxonomy":"product_tag","embeddable":true,"href":"https:\/\/pathotec.ch\/fr\/wp-json\/wp\/v2\/product_tag?post=4842"}],"curies":[{"name":"wp","href":"https:\/\/api.w.org\/{rel}","templated":true}]}}