{"id":4836,"date":"2025-05-26T19:27:23","date_gmt":"2025-05-26T17:27:23","guid":{"rendered":"https:\/\/pathotec.ch\/produkt\/eosin-y-solution-aqueuse\/"},"modified":"2025-05-26T19:27:23","modified_gmt":"2025-05-26T17:27:23","slug":"eosin-y-solution-aqueuse","status":"publish","type":"product","link":"https:\/\/pathotec.ch\/fr\/produkt\/eosin-y-solution-aqueuse\/","title":{"rendered":"Eosin Y solution aqueuse"},"excerpt":{"rendered":"<p>Nos r\u00e9actifs de coloration sont produits exclusivement en Italie et dans l&rsquo;Union europ\u00e9enne, ce qui nous permet de garantir des normes de qualit\u00e9 \u00e9lev\u00e9es et une s\u00e9curit\u00e9 maximale pour nos clients.<\/p>\n","protected":false},"featured_media":3646,"comment_status":"closed","ping_status":"closed","template":"","meta":{"_acf_changed":false},"product_brand":[],"product_cat":[113,146],"product_tag":[],"class_list":{"0":"post-4836","1":"product","2":"type-product","3":"status-publish","4":"has-post-thumbnail","6":"product_cat-consommables","7":"product_cat-coloration-recouvrement","9":"first","10":"instock","11":"shipping-taxable","12":"product-type-simple"},"acf":[],"_links":{"self":[{"href":"https:\/\/pathotec.ch\/fr\/wp-json\/wp\/v2\/product\/4836","targetHints":{"allow":["GET"]}}],"collection":[{"href":"https:\/\/pathotec.ch\/fr\/wp-json\/wp\/v2\/product"}],"about":[{"href":"https:\/\/pathotec.ch\/fr\/wp-json\/wp\/v2\/types\/product"}],"replies":[{"embeddable":true,"href":"https:\/\/pathotec.ch\/fr\/wp-json\/wp\/v2\/comments?post=4836"}],"wp:featuredmedia":[{"embeddable":true,"href":"https:\/\/pathotec.ch\/fr\/wp-json\/wp\/v2\/media\/3646"}],"wp:attachment":[{"href":"https:\/\/pathotec.ch\/fr\/wp-json\/wp\/v2\/media?parent=4836"}],"wp:term":[{"taxonomy":"product_brand","embeddable":true,"href":"https:\/\/pathotec.ch\/fr\/wp-json\/wp\/v2\/product_brand?post=4836"},{"taxonomy":"product_cat","embeddable":true,"href":"https:\/\/pathotec.ch\/fr\/wp-json\/wp\/v2\/product_cat?post=4836"},{"taxonomy":"product_tag","embeddable":true,"href":"https:\/\/pathotec.ch\/fr\/wp-json\/wp\/v2\/product_tag?post=4836"}],"curies":[{"name":"wp","href":"https:\/\/api.w.org\/{rel}","templated":true}]}}