{"id":4835,"date":"2025-05-08T09:41:30","date_gmt":"2025-05-08T07:41:30","guid":{"rendered":"https:\/\/pathotec.ch\/produkt\/logiciel-de-gestion-dimages-pour-les-laboratoires-de-pathologie\/"},"modified":"2025-05-08T09:41:30","modified_gmt":"2025-05-08T07:41:30","slug":"logiciel-de-gestion-dimages-pour-les-laboratoires-de-pathologie","status":"publish","type":"product","link":"https:\/\/pathotec.ch\/fr\/produkt\/logiciel-de-gestion-dimages-pour-les-laboratoires-de-pathologie\/","title":{"rendered":"Logiciel de gestion d&rsquo;images pour les laboratoires de pathologie"},"excerpt":{"rendered":"<p>Connecting Pixels with People :<\/p>\n<p> PIMS<span class=\"relative -mx-px my-[-0.2rem] rounded px-px py-[0.2rem] transition-colors duration-100 ease-in-out\">DX est une plate-forme certifi\u00e9e CE-IVD, sp\u00e9cialement con\u00e7ue pour r\u00e9pondre aux besoins des laboratoires de diagnostic pathologique.<\/span> <span class=\"relative -mx-px my-[-0.2rem] rounded px-px py-[0.2rem] transition-colors duration-100 ease-in-out\">Elle permet de g\u00e9rer et de visualiser efficacement les images num\u00e9riques de pathologie.<\/span><\/p>\n","protected":false},"featured_media":3560,"comment_status":"closed","ping_status":"closed","template":"","meta":{"_acf_changed":false},"product_brand":[],"product_cat":[87,831],"product_tag":[],"class_list":{"0":"post-4835","1":"product","2":"type-product","3":"status-publish","4":"has-post-thumbnail","6":"product_cat-equipment-fr","7":"product_cat-gestion-des-images-ims","9":"first","10":"instock","11":"taxable","12":"shipping-taxable","13":"product-type-simple"},"acf":[],"_links":{"self":[{"href":"https:\/\/pathotec.ch\/fr\/wp-json\/wp\/v2\/product\/4835","targetHints":{"allow":["GET"]}}],"collection":[{"href":"https:\/\/pathotec.ch\/fr\/wp-json\/wp\/v2\/product"}],"about":[{"href":"https:\/\/pathotec.ch\/fr\/wp-json\/wp\/v2\/types\/product"}],"replies":[{"embeddable":true,"href":"https:\/\/pathotec.ch\/fr\/wp-json\/wp\/v2\/comments?post=4835"}],"wp:featuredmedia":[{"embeddable":true,"href":"https:\/\/pathotec.ch\/fr\/wp-json\/wp\/v2\/media\/3560"}],"wp:attachment":[{"href":"https:\/\/pathotec.ch\/fr\/wp-json\/wp\/v2\/media?parent=4835"}],"wp:term":[{"taxonomy":"product_brand","embeddable":true,"href":"https:\/\/pathotec.ch\/fr\/wp-json\/wp\/v2\/product_brand?post=4835"},{"taxonomy":"product_cat","embeddable":true,"href":"https:\/\/pathotec.ch\/fr\/wp-json\/wp\/v2\/product_cat?post=4835"},{"taxonomy":"product_tag","embeddable":true,"href":"https:\/\/pathotec.ch\/fr\/wp-json\/wp\/v2\/product_tag?post=4835"}],"curies":[{"name":"wp","href":"https:\/\/api.w.org\/{rel}","templated":true}]}}