{"id":4834,"date":"2025-05-13T10:53:45","date_gmt":"2025-05-13T08:53:45","guid":{"rendered":"https:\/\/pathotec.ch\/produkt\/pathoscope\/"},"modified":"2025-05-13T10:53:45","modified_gmt":"2025-05-13T08:53:45","slug":"pathoscope","status":"publish","type":"product","link":"https:\/\/pathotec.ch\/fr\/produkt\/pathoscope\/","title":{"rendered":"PATHOscope"},"excerpt":{"rendered":"<p>Le PathoScope de Mesoview est un syst\u00e8me d&rsquo;imagerie de lames ultramoderne et enti\u00e8rement automatis\u00e9 qui porte la pathologie num\u00e9rique \u00e0 un niveau sup\u00e9rieur. Gr\u00e2ce \u00e0 une technologie d&rsquo;imagerie computationnelle innovante, le PathoScope permet l&rsquo;acquisition simultan\u00e9e de coupes de tissus enti\u00e8res, sans artefacts et avec une qualit\u00e9 haute r\u00e9solution. <\/p>\n","protected":false},"featured_media":3595,"comment_status":"closed","ping_status":"closed","template":"","meta":{"_acf_changed":false},"product_brand":[],"product_cat":[87,92,130],"product_tag":[],"class_list":{"0":"post-4834","1":"product","2":"type-product","3":"status-publish","4":"has-post-thumbnail","6":"product_cat-equipment-fr","7":"product_cat-coupe-mohs-et-coupe-rapide","8":"product_cat-microscopie-numerique-scanner","10":"first","11":"instock","12":"shipping-taxable","13":"product-type-simple"},"acf":[],"_links":{"self":[{"href":"https:\/\/pathotec.ch\/fr\/wp-json\/wp\/v2\/product\/4834","targetHints":{"allow":["GET"]}}],"collection":[{"href":"https:\/\/pathotec.ch\/fr\/wp-json\/wp\/v2\/product"}],"about":[{"href":"https:\/\/pathotec.ch\/fr\/wp-json\/wp\/v2\/types\/product"}],"replies":[{"embeddable":true,"href":"https:\/\/pathotec.ch\/fr\/wp-json\/wp\/v2\/comments?post=4834"}],"wp:featuredmedia":[{"embeddable":true,"href":"https:\/\/pathotec.ch\/fr\/wp-json\/wp\/v2\/media\/3595"}],"wp:attachment":[{"href":"https:\/\/pathotec.ch\/fr\/wp-json\/wp\/v2\/media?parent=4834"}],"wp:term":[{"taxonomy":"product_brand","embeddable":true,"href":"https:\/\/pathotec.ch\/fr\/wp-json\/wp\/v2\/product_brand?post=4834"},{"taxonomy":"product_cat","embeddable":true,"href":"https:\/\/pathotec.ch\/fr\/wp-json\/wp\/v2\/product_cat?post=4834"},{"taxonomy":"product_tag","embeddable":true,"href":"https:\/\/pathotec.ch\/fr\/wp-json\/wp\/v2\/product_tag?post=4834"}],"curies":[{"name":"wp","href":"https:\/\/api.w.org\/{rel}","templated":true}]}}