{"id":4832,"date":"2025-05-08T11:56:56","date_gmt":"2025-05-08T09:56:56","guid":{"rendered":"https:\/\/pathotec.ch\/produkt\/mini-four-histologie\/"},"modified":"2025-05-08T11:56:56","modified_gmt":"2025-05-08T09:56:56","slug":"mini-four-histologie","status":"publish","type":"product","link":"https:\/\/pathotec.ch\/fr\/produkt\/mini-four-histologie\/","title":{"rendered":"Mini four &#8211; Histologie"},"excerpt":{"rendered":"<p>Mini four \u00e0 air chaud pour lames de microscope S\u00e9chage en un temps record. La cabine de s\u00e9chage \u00e9tanche peut s\u00e9cher rapidement et efficacement plusieurs coupes de tissus et les pr\u00e9parer pour un traitement ult\u00e9rieur. <\/p>\n","protected":false},"featured_media":3573,"comment_status":"closed","ping_status":"closed","template":"","meta":{"_acf_changed":false},"product_brand":[],"product_cat":[87,138,117,100,106],"product_tag":[],"class_list":{"0":"post-4832","1":"product","2":"type-product","3":"status-publish","4":"has-post-thumbnail","6":"product_cat-equipment-fr","7":"product_cat-archivage","8":"product_cat-cytologie","9":"product_cat-poste-de-microtome","10":"product_cat-teindre-couvrir","12":"first","13":"instock","14":"shipping-taxable","15":"product-type-simple"},"acf":[],"_links":{"self":[{"href":"https:\/\/pathotec.ch\/fr\/wp-json\/wp\/v2\/product\/4832","targetHints":{"allow":["GET"]}}],"collection":[{"href":"https:\/\/pathotec.ch\/fr\/wp-json\/wp\/v2\/product"}],"about":[{"href":"https:\/\/pathotec.ch\/fr\/wp-json\/wp\/v2\/types\/product"}],"replies":[{"embeddable":true,"href":"https:\/\/pathotec.ch\/fr\/wp-json\/wp\/v2\/comments?post=4832"}],"wp:featuredmedia":[{"embeddable":true,"href":"https:\/\/pathotec.ch\/fr\/wp-json\/wp\/v2\/media\/3573"}],"wp:attachment":[{"href":"https:\/\/pathotec.ch\/fr\/wp-json\/wp\/v2\/media?parent=4832"}],"wp:term":[{"taxonomy":"product_brand","embeddable":true,"href":"https:\/\/pathotec.ch\/fr\/wp-json\/wp\/v2\/product_brand?post=4832"},{"taxonomy":"product_cat","embeddable":true,"href":"https:\/\/pathotec.ch\/fr\/wp-json\/wp\/v2\/product_cat?post=4832"},{"taxonomy":"product_tag","embeddable":true,"href":"https:\/\/pathotec.ch\/fr\/wp-json\/wp\/v2\/product_tag?post=4832"}],"curies":[{"name":"wp","href":"https:\/\/api.w.org\/{rel}","templated":true}]}}