{"id":4822,"date":"2025-05-26T19:16:56","date_gmt":"2025-05-26T17:16:56","guid":{"rendered":"https:\/\/pathotec.ch\/produkt\/solution-deosine-et-dalcool\/"},"modified":"2025-05-26T19:16:56","modified_gmt":"2025-05-26T17:16:56","slug":"solution-deosine-et-dalcool","status":"publish","type":"product","link":"https:\/\/pathotec.ch\/fr\/produkt\/solution-deosine-et-dalcool\/","title":{"rendered":"SOLUTION D&rsquo;\u00c9OSINE ET D&rsquo;ALCOOL"},"excerpt":{"rendered":"<p>Nos r\u00e9actifs de coloration sont produits exclusivement en Italie et dans l&rsquo;Union europ\u00e9enne, ce qui nous permet de garantir des normes de qualit\u00e9 \u00e9lev\u00e9es et une s\u00e9curit\u00e9 maximale pour nos clients.<\/p>\n","protected":false},"featured_media":3642,"comment_status":"closed","ping_status":"closed","template":"","meta":{"_acf_changed":false},"product_brand":[],"product_cat":[653,146,113],"product_tag":[],"class_list":{"0":"post-4822","1":"product","2":"type-product","3":"status-publish","4":"has-post-thumbnail","6":"product_cat-reactifs-de-coloration","7":"product_cat-coloration-recouvrement","8":"product_cat-consommables","10":"first","11":"instock","12":"taxable","13":"shipping-taxable","14":"product-type-simple"},"acf":[],"_links":{"self":[{"href":"https:\/\/pathotec.ch\/fr\/wp-json\/wp\/v2\/product\/4822","targetHints":{"allow":["GET"]}}],"collection":[{"href":"https:\/\/pathotec.ch\/fr\/wp-json\/wp\/v2\/product"}],"about":[{"href":"https:\/\/pathotec.ch\/fr\/wp-json\/wp\/v2\/types\/product"}],"replies":[{"embeddable":true,"href":"https:\/\/pathotec.ch\/fr\/wp-json\/wp\/v2\/comments?post=4822"}],"wp:featuredmedia":[{"embeddable":true,"href":"https:\/\/pathotec.ch\/fr\/wp-json\/wp\/v2\/media\/3642"}],"wp:attachment":[{"href":"https:\/\/pathotec.ch\/fr\/wp-json\/wp\/v2\/media?parent=4822"}],"wp:term":[{"taxonomy":"product_brand","embeddable":true,"href":"https:\/\/pathotec.ch\/fr\/wp-json\/wp\/v2\/product_brand?post=4822"},{"taxonomy":"product_cat","embeddable":true,"href":"https:\/\/pathotec.ch\/fr\/wp-json\/wp\/v2\/product_cat?post=4822"},{"taxonomy":"product_tag","embeddable":true,"href":"https:\/\/pathotec.ch\/fr\/wp-json\/wp\/v2\/product_tag?post=4822"}],"curies":[{"name":"wp","href":"https:\/\/api.w.org\/{rel}","templated":true}]}}