{"id":4815,"date":"2025-10-16T16:27:28","date_gmt":"2025-10-16T14:27:28","guid":{"rendered":"https:\/\/pathotec.ch\/produkt\/p63-antibody\/"},"modified":"2026-01-20T10:41:16","modified_gmt":"2026-01-20T09:41:16","slug":"p63-antibody","status":"publish","type":"product","link":"https:\/\/pathotec.ch\/fr\/produkt\/p63-antibody\/","title":{"rendered":"P63 ANTIBODY"},"excerpt":{"rendered":"<p>p63 est un facteur de transcription qui r\u00e9gule de nombreuses activit\u00e9s cellulaires, y compris la prolif\u00e9ration, le maintien, la diff\u00e9renciation, l&rsquo;adh\u00e9sion et l&rsquo;apoptose des cellules. Il a \u00e9t\u00e9 identifi\u00e9 comme un marqueur sensible et sp\u00e9cifique des populations de cellules myo\u00e9pith\u00e9liales et basales dans la prostate, le sein, la peau et les glandes salivaires. En outre, p63 a montr\u00e9 une utilit\u00e9 immunohistochimique dans l&rsquo;identification des l\u00e9sions mammaires b\u00e9nignes et malignes. Dans le cas du cancer de la prostate, il peut \u00e9galement \u00eatre utilis\u00e9 pour identifier les glandes b\u00e9nignes \u00e0 c\u00f4t\u00e9 des glandes malignes. p63 peut \u00e9galement \u00eatre utilis\u00e9 pour distinguer les ad\u00e9nocarcinomes du poumon, o\u00f9 il est g\u00e9n\u00e9ralement n\u00e9gatif, des carcinomes \u00e9pidermo\u00efdes, ce qui peut \u00eatre utile pour les stades avanc\u00e9s.    <\/p>\n","protected":false},"featured_media":4404,"comment_status":"closed","ping_status":"closed","template":"","meta":{"_acf_changed":false},"product_brand":[],"product_cat":[113,420,148],"product_tag":[460,820,819],"class_list":{"0":"post-4815","1":"product","2":"type-product","3":"status-publish","4":"has-post-thumbnail","6":"product_cat-consommables","7":"product_cat-antibody","8":"product_cat-immunohistochimie-fr","9":"product_tag-antibody","10":"product_tag-p63","11":"product_tag-p63-antibody","13":"first","14":"instock","15":"shipping-taxable","16":"product-type-simple"},"acf":[],"_links":{"self":[{"href":"https:\/\/pathotec.ch\/fr\/wp-json\/wp\/v2\/product\/4815","targetHints":{"allow":["GET"]}}],"collection":[{"href":"https:\/\/pathotec.ch\/fr\/wp-json\/wp\/v2\/product"}],"about":[{"href":"https:\/\/pathotec.ch\/fr\/wp-json\/wp\/v2\/types\/product"}],"replies":[{"embeddable":true,"href":"https:\/\/pathotec.ch\/fr\/wp-json\/wp\/v2\/comments?post=4815"}],"wp:featuredmedia":[{"embeddable":true,"href":"https:\/\/pathotec.ch\/fr\/wp-json\/wp\/v2\/media\/4404"}],"wp:attachment":[{"href":"https:\/\/pathotec.ch\/fr\/wp-json\/wp\/v2\/media?parent=4815"}],"wp:term":[{"taxonomy":"product_brand","embeddable":true,"href":"https:\/\/pathotec.ch\/fr\/wp-json\/wp\/v2\/product_brand?post=4815"},{"taxonomy":"product_cat","embeddable":true,"href":"https:\/\/pathotec.ch\/fr\/wp-json\/wp\/v2\/product_cat?post=4815"},{"taxonomy":"product_tag","embeddable":true,"href":"https:\/\/pathotec.ch\/fr\/wp-json\/wp\/v2\/product_tag?post=4815"}],"curies":[{"name":"wp","href":"https:\/\/api.w.org\/{rel}","templated":true}]}}