{"id":4811,"date":"2025-10-16T16:41:36","date_gmt":"2025-10-16T14:41:36","guid":{"rendered":"https:\/\/pathotec.ch\/produkt\/ki-67-antibody\/"},"modified":"2025-10-16T16:41:36","modified_gmt":"2025-10-16T14:41:36","slug":"ki-67-antibody","status":"publish","type":"product","link":"https:\/\/pathotec.ch\/fr\/produkt\/ki-67-antibody\/","title":{"rendered":"KI-67 ANTIBODY"},"excerpt":{"rendered":"<p>Ki-67 est un anticorps qui cible l&rsquo;antig\u00e8ne Ki-67, une prot\u00e9ine nucl\u00e9aire cod\u00e9e par le g\u00e8ne MKI67, dont la pr\u00e9sence est corr\u00e9l\u00e9e \u00e0 G1, S, G2 et aux phases mitotiques du cycle cellulaire. La pr\u00e9sence de Ki-67 pendant la division cellulaire en fait une excellente cible pour le marquage des tumeurs malignes \u00e0 croissance rapide. Comme sa pr\u00e9sence est corr\u00e9l\u00e9e \u00e0 la prolif\u00e9ration cellulaire, le marquage immunohistochimique de l&rsquo;antig\u00e8ne Ki-67 peut \u00eatre utile pour caract\u00e9riser la proportion de croissance d&rsquo;une l\u00e9sion. Il a \u00e9t\u00e9 d\u00e9montr\u00e9 que l&rsquo;identification de cet antig\u00e8ne par IHC est utile pour caract\u00e9riser les l\u00e9sions du sein, des cellules lymphatiques, des astrocytes et de l&rsquo;ut\u00e9rus.  <\/p>\n","protected":false},"featured_media":4412,"comment_status":"closed","ping_status":"closed","template":"","meta":{"_acf_changed":false},"product_brand":[],"product_cat":[113,420,148],"product_tag":[460,811,812],"class_list":{"0":"post-4811","1":"product","2":"type-product","3":"status-publish","4":"has-post-thumbnail","6":"product_cat-consommables","7":"product_cat-antibody","8":"product_cat-immunohistochimie-fr","9":"product_tag-antibody","10":"product_tag-antibody-ki-67","11":"product_tag-ki-67","13":"first","14":"instock","15":"taxable","16":"shipping-taxable","17":"product-type-simple"},"acf":[],"_links":{"self":[{"href":"https:\/\/pathotec.ch\/fr\/wp-json\/wp\/v2\/product\/4811","targetHints":{"allow":["GET"]}}],"collection":[{"href":"https:\/\/pathotec.ch\/fr\/wp-json\/wp\/v2\/product"}],"about":[{"href":"https:\/\/pathotec.ch\/fr\/wp-json\/wp\/v2\/types\/product"}],"replies":[{"embeddable":true,"href":"https:\/\/pathotec.ch\/fr\/wp-json\/wp\/v2\/comments?post=4811"}],"wp:featuredmedia":[{"embeddable":true,"href":"https:\/\/pathotec.ch\/fr\/wp-json\/wp\/v2\/media\/4412"}],"wp:attachment":[{"href":"https:\/\/pathotec.ch\/fr\/wp-json\/wp\/v2\/media?parent=4811"}],"wp:term":[{"taxonomy":"product_brand","embeddable":true,"href":"https:\/\/pathotec.ch\/fr\/wp-json\/wp\/v2\/product_brand?post=4811"},{"taxonomy":"product_cat","embeddable":true,"href":"https:\/\/pathotec.ch\/fr\/wp-json\/wp\/v2\/product_cat?post=4811"},{"taxonomy":"product_tag","embeddable":true,"href":"https:\/\/pathotec.ch\/fr\/wp-json\/wp\/v2\/product_tag?post=4811"}],"curies":[{"name":"wp","href":"https:\/\/api.w.org\/{rel}","templated":true}]}}