{"id":4808,"date":"2025-05-26T21:45:51","date_gmt":"2025-05-26T19:45:51","guid":{"rendered":"https:\/\/pathotec.ch\/produkt\/reactif-de-detartrage\/"},"modified":"2025-05-26T21:45:51","modified_gmt":"2025-05-26T19:45:51","slug":"reactif-de-detartrage","status":"publish","type":"product","link":"https:\/\/pathotec.ch\/fr\/produkt\/reactif-de-detartrage\/","title":{"rendered":"R\u00c9ACTIF DE D\u00c9TARTRAGE"},"excerpt":{"rendered":"<p>Le r\u00e9actif Decal est disponible en trois versions diff\u00e9rentes, soft, medium et strong. Il s&rsquo;agit d&rsquo;un r\u00e9actif de d\u00e9calcification puissant \u00e0 base d&rsquo;acide, sp\u00e9cialement con\u00e7u pour la d\u00e9calcification rapide d&rsquo;\u00e9chantillons de tissus fortement calcifi\u00e9s &#8211; en particulier les os, les dents et les calcifications vasculaires. <\/p>\n","protected":false},"featured_media":3758,"comment_status":"closed","ping_status":"closed","template":"","meta":{"_acf_changed":false},"product_brand":[],"product_cat":[113,144,801],"product_tag":[],"class_list":{"0":"post-4808","1":"product","2":"type-product","3":"status-publish","4":"has-post-thumbnail","6":"product_cat-consommables","7":"product_cat-deshydratation","8":"product_cat-reactifs-de-detartrage","10":"first","11":"instock","12":"taxable","13":"shipping-taxable","14":"product-type-simple"},"acf":[],"_links":{"self":[{"href":"https:\/\/pathotec.ch\/fr\/wp-json\/wp\/v2\/product\/4808","targetHints":{"allow":["GET"]}}],"collection":[{"href":"https:\/\/pathotec.ch\/fr\/wp-json\/wp\/v2\/product"}],"about":[{"href":"https:\/\/pathotec.ch\/fr\/wp-json\/wp\/v2\/types\/product"}],"replies":[{"embeddable":true,"href":"https:\/\/pathotec.ch\/fr\/wp-json\/wp\/v2\/comments?post=4808"}],"wp:featuredmedia":[{"embeddable":true,"href":"https:\/\/pathotec.ch\/fr\/wp-json\/wp\/v2\/media\/3758"}],"wp:attachment":[{"href":"https:\/\/pathotec.ch\/fr\/wp-json\/wp\/v2\/media?parent=4808"}],"wp:term":[{"taxonomy":"product_brand","embeddable":true,"href":"https:\/\/pathotec.ch\/fr\/wp-json\/wp\/v2\/product_brand?post=4808"},{"taxonomy":"product_cat","embeddable":true,"href":"https:\/\/pathotec.ch\/fr\/wp-json\/wp\/v2\/product_cat?post=4808"},{"taxonomy":"product_tag","embeddable":true,"href":"https:\/\/pathotec.ch\/fr\/wp-json\/wp\/v2\/product_tag?post=4808"}],"curies":[{"name":"wp","href":"https:\/\/api.w.org\/{rel}","templated":true}]}}