{"id":4806,"date":"2025-05-26T21:30:25","date_gmt":"2025-05-26T19:30:25","guid":{"rendered":"https:\/\/pathotec.ch\/produkt\/leau-de-scott\/"},"modified":"2026-01-20T10:40:53","modified_gmt":"2026-01-20T09:40:53","slug":"leau-de-scott","status":"publish","type":"product","link":"https:\/\/pathotec.ch\/fr\/produkt\/leau-de-scott\/","title":{"rendered":"L&rsquo;EAU DE SCOTT"},"excerpt":{"rendered":"<p>L&rsquo;eau de Scott est une solution alcaline de bleuissement utilis\u00e9e en histologie et en cytologie apr\u00e8s la coloration \u00e0 l&rsquo;h\u00e9matoxyline, en particulier la coloration de Papanicolaou et la coloration H&amp;E. Elle est \u00e9galement utilis\u00e9e pour la coloration de la peau.<\/p>\n","protected":false},"featured_media":3741,"comment_status":"closed","ping_status":"closed","template":"","meta":{"_acf_changed":false},"product_brand":[],"product_cat":[113,796,146,152],"product_tag":[797,800,802,798,799],"class_list":{"0":"post-4806","1":"product","2":"type-product","3":"status-publish","4":"has-post-thumbnail","6":"product_cat-consommables","7":"product_cat-agent-de-bleuissement","8":"product_cat-coloration-recouvrement","9":"product_cat-cytologie-fr","10":"product_tag-agent-de-bleuissement","11":"product_tag-eau","12":"product_tag-eau-2","13":"product_tag-scott","14":"product_tag-scotts","16":"first","17":"instock","18":"taxable","19":"shipping-taxable","20":"product-type-simple"},"acf":[],"_links":{"self":[{"href":"https:\/\/pathotec.ch\/fr\/wp-json\/wp\/v2\/product\/4806","targetHints":{"allow":["GET"]}}],"collection":[{"href":"https:\/\/pathotec.ch\/fr\/wp-json\/wp\/v2\/product"}],"about":[{"href":"https:\/\/pathotec.ch\/fr\/wp-json\/wp\/v2\/types\/product"}],"replies":[{"embeddable":true,"href":"https:\/\/pathotec.ch\/fr\/wp-json\/wp\/v2\/comments?post=4806"}],"wp:featuredmedia":[{"embeddable":true,"href":"https:\/\/pathotec.ch\/fr\/wp-json\/wp\/v2\/media\/3741"}],"wp:attachment":[{"href":"https:\/\/pathotec.ch\/fr\/wp-json\/wp\/v2\/media?parent=4806"}],"wp:term":[{"taxonomy":"product_brand","embeddable":true,"href":"https:\/\/pathotec.ch\/fr\/wp-json\/wp\/v2\/product_brand?post=4806"},{"taxonomy":"product_cat","embeddable":true,"href":"https:\/\/pathotec.ch\/fr\/wp-json\/wp\/v2\/product_cat?post=4806"},{"taxonomy":"product_tag","embeddable":true,"href":"https:\/\/pathotec.ch\/fr\/wp-json\/wp\/v2\/product_tag?post=4806"}],"curies":[{"name":"wp","href":"https:\/\/api.w.org\/{rel}","templated":true}]}}