{"id":4805,"date":"2025-05-26T21:24:08","date_gmt":"2025-05-26T19:24:08","guid":{"rendered":"https:\/\/pathotec.ch\/produkt\/congo-red-kit\/"},"modified":"2025-05-26T21:24:08","modified_gmt":"2025-05-26T19:24:08","slug":"congo-red-kit","status":"publish","type":"product","link":"https:\/\/pathotec.ch\/fr\/produkt\/congo-red-kit\/","title":{"rendered":"CONGO RED KIT"},"excerpt":{"rendered":"<p>Le kit Congo Red \u00ab\u00a0pr\u00eat \u00e0 l&#8217;emploi\u00a0\u00bb est un colorant acide diazot\u00e9 utilis\u00e9 en histologie &#8211; notamment pour d\u00e9tecter les d\u00e9p\u00f4ts amylo\u00efdes dans les tissus. Il s&rsquo;agit de l&rsquo;un des colorants classiques sp\u00e9cifiques aux amylo\u00efdes qui, lorsqu&rsquo;il est utilis\u00e9 correctement, pr\u00e9sente une teinte bir\u00e9fringente caract\u00e9ristique jaune verd\u00e2tre \u00e0 vert pomme sous lumi\u00e8re polaris\u00e9e. <\/p>\n","protected":false},"featured_media":3737,"comment_status":"closed","ping_status":"closed","template":"","meta":{"_acf_changed":false},"product_brand":[],"product_cat":[113,146],"product_tag":[],"class_list":{"0":"post-4805","1":"product","2":"type-product","3":"status-publish","4":"has-post-thumbnail","6":"product_cat-consommables","7":"product_cat-coloration-recouvrement","9":"first","10":"instock","11":"shipping-taxable","12":"product-type-simple"},"acf":[],"_links":{"self":[{"href":"https:\/\/pathotec.ch\/fr\/wp-json\/wp\/v2\/product\/4805","targetHints":{"allow":["GET"]}}],"collection":[{"href":"https:\/\/pathotec.ch\/fr\/wp-json\/wp\/v2\/product"}],"about":[{"href":"https:\/\/pathotec.ch\/fr\/wp-json\/wp\/v2\/types\/product"}],"replies":[{"embeddable":true,"href":"https:\/\/pathotec.ch\/fr\/wp-json\/wp\/v2\/comments?post=4805"}],"wp:featuredmedia":[{"embeddable":true,"href":"https:\/\/pathotec.ch\/fr\/wp-json\/wp\/v2\/media\/3737"}],"wp:attachment":[{"href":"https:\/\/pathotec.ch\/fr\/wp-json\/wp\/v2\/media?parent=4805"}],"wp:term":[{"taxonomy":"product_brand","embeddable":true,"href":"https:\/\/pathotec.ch\/fr\/wp-json\/wp\/v2\/product_brand?post=4805"},{"taxonomy":"product_cat","embeddable":true,"href":"https:\/\/pathotec.ch\/fr\/wp-json\/wp\/v2\/product_cat?post=4805"},{"taxonomy":"product_tag","embeddable":true,"href":"https:\/\/pathotec.ch\/fr\/wp-json\/wp\/v2\/product_tag?post=4805"}],"curies":[{"name":"wp","href":"https:\/\/api.w.org\/{rel}","templated":true}]}}