{"id":4798,"date":"2025-10-16T14:42:39","date_gmt":"2025-10-16T12:42:39","guid":{"rendered":"https:\/\/pathotec.ch\/produkt\/anticorps-sox-10\/"},"modified":"2025-10-16T14:42:39","modified_gmt":"2025-10-16T12:42:39","slug":"anticorps-sox-10","status":"publish","type":"product","link":"https:\/\/pathotec.ch\/fr\/produkt\/anticorps-sox-10\/","title":{"rendered":"ANTICORPS SOX-10"},"excerpt":{"rendered":"<p>Le g\u00e8ne 10 HMG-BOX apparent\u00e9 \u00e0 Sry, SOX-10, est un facteur de transcription impliqu\u00e9 dans le d\u00e9veloppement de la cr\u00eate neurale et du syst\u00e8me nerveux p\u00e9riph\u00e9rique et agit comme une prot\u00e9ine navette nucl\u00e9ocytoplasmique.1 SOX-10 est exprim\u00e9 dans les lign\u00e9es m\u00e9lanocytaires et est un marqueur sensible des m\u00e9lanomes, \u00e0 la fois pour les sous-types conventionnels et desmoplastiques.2-3 Dans les tissus normaux, SOX-10 est exprim\u00e9 dans les m\u00e9lanocytes et les cellules myo\u00e9pith\u00e9liales. <\/p>\n","protected":false},"featured_media":4371,"comment_status":"closed","ping_status":"closed","template":"","meta":{"_acf_changed":false},"product_brand":[],"product_cat":[420,113,148],"product_tag":[460,788,787,789],"class_list":{"0":"post-4798","1":"product","2":"type-product","3":"status-publish","4":"has-post-thumbnail","6":"product_cat-antibody","7":"product_cat-consommables","8":"product_cat-immunohistochimie-fr","9":"product_tag-antibody","10":"product_tag-sox","11":"product_tag-sox-10","12":"product_tag-sox-10-antibody","14":"first","15":"instock","16":"shipping-taxable","17":"product-type-simple"},"acf":[],"_links":{"self":[{"href":"https:\/\/pathotec.ch\/fr\/wp-json\/wp\/v2\/product\/4798","targetHints":{"allow":["GET"]}}],"collection":[{"href":"https:\/\/pathotec.ch\/fr\/wp-json\/wp\/v2\/product"}],"about":[{"href":"https:\/\/pathotec.ch\/fr\/wp-json\/wp\/v2\/types\/product"}],"replies":[{"embeddable":true,"href":"https:\/\/pathotec.ch\/fr\/wp-json\/wp\/v2\/comments?post=4798"}],"wp:featuredmedia":[{"embeddable":true,"href":"https:\/\/pathotec.ch\/fr\/wp-json\/wp\/v2\/media\/4371"}],"wp:attachment":[{"href":"https:\/\/pathotec.ch\/fr\/wp-json\/wp\/v2\/media?parent=4798"}],"wp:term":[{"taxonomy":"product_brand","embeddable":true,"href":"https:\/\/pathotec.ch\/fr\/wp-json\/wp\/v2\/product_brand?post=4798"},{"taxonomy":"product_cat","embeddable":true,"href":"https:\/\/pathotec.ch\/fr\/wp-json\/wp\/v2\/product_cat?post=4798"},{"taxonomy":"product_tag","embeddable":true,"href":"https:\/\/pathotec.ch\/fr\/wp-json\/wp\/v2\/product_tag?post=4798"}],"curies":[{"name":"wp","href":"https:\/\/api.w.org\/{rel}","templated":true}]}}