{"id":4795,"date":"2025-10-10T13:32:30","date_gmt":"2025-10-10T11:32:30","guid":{"rendered":"https:\/\/pathotec.ch\/produkt\/mega-embedded-cassette-em-128\/"},"modified":"2025-10-10T13:32:30","modified_gmt":"2025-10-10T11:32:30","slug":"mega-embedded-cassette-em-128","status":"publish","type":"product","link":"https:\/\/pathotec.ch\/fr\/produkt\/mega-embedded-cassette-em-128\/","title":{"rendered":"MEGA EMBEDDED CASSETTE EM 128"},"excerpt":{"rendered":"<p>Il permet aux laboratoires de traiter des \u00e9chantillons de tissus plus grands de mani\u00e8re plus efficace et plus \u00e9conomique, en utilisant les m\u00eames instruments que pour le traitement standard des tissus &#8211; sans avoir \u00e0 couper les tissus en morceaux plus petits. En visualisant chaque section du grand \u00e9chantillon sur une seule lame, les pathologistes peuvent observer et diagnostiquer les lames de grand format de mani\u00e8re plus efficace et plus pr\u00e9cise. <\/p>\n","protected":false},"featured_media":4278,"comment_status":"closed","ping_status":"closed","template":"","meta":{"_acf_changed":false},"product_brand":[],"product_cat":[113,651,123],"product_tag":[],"class_list":{"0":"post-4795","1":"product","2":"type-product","3":"status-publish","4":"has-post-thumbnail","6":"product_cat-consommables","7":"product_cat-cassettes","8":"product_cat-reception-dechantillons-macroscopie-fr","10":"first","11":"instock","12":"shipping-taxable","13":"product-type-simple"},"acf":[],"_links":{"self":[{"href":"https:\/\/pathotec.ch\/fr\/wp-json\/wp\/v2\/product\/4795","targetHints":{"allow":["GET"]}}],"collection":[{"href":"https:\/\/pathotec.ch\/fr\/wp-json\/wp\/v2\/product"}],"about":[{"href":"https:\/\/pathotec.ch\/fr\/wp-json\/wp\/v2\/types\/product"}],"replies":[{"embeddable":true,"href":"https:\/\/pathotec.ch\/fr\/wp-json\/wp\/v2\/comments?post=4795"}],"wp:featuredmedia":[{"embeddable":true,"href":"https:\/\/pathotec.ch\/fr\/wp-json\/wp\/v2\/media\/4278"}],"wp:attachment":[{"href":"https:\/\/pathotec.ch\/fr\/wp-json\/wp\/v2\/media?parent=4795"}],"wp:term":[{"taxonomy":"product_brand","embeddable":true,"href":"https:\/\/pathotec.ch\/fr\/wp-json\/wp\/v2\/product_brand?post=4795"},{"taxonomy":"product_cat","embeddable":true,"href":"https:\/\/pathotec.ch\/fr\/wp-json\/wp\/v2\/product_cat?post=4795"},{"taxonomy":"product_tag","embeddable":true,"href":"https:\/\/pathotec.ch\/fr\/wp-json\/wp\/v2\/product_tag?post=4795"}],"curies":[{"name":"wp","href":"https:\/\/api.w.org\/{rel}","templated":true}]}}