{"id":4794,"date":"2025-10-02T20:26:03","date_gmt":"2025-10-02T18:26:03","guid":{"rendered":"https:\/\/pathotec.ch\/produkt\/histologie-moules-de-base-de-tissu-2\/"},"modified":"2025-10-02T20:26:03","modified_gmt":"2025-10-02T18:26:03","slug":"histologie-moules-de-base-de-tissu-2","status":"publish","type":"product","link":"https:\/\/pathotec.ch\/fr\/produkt\/histologie-moules-de-base-de-tissu-2\/","title":{"rendered":"HISTOLOGIE MOULES DE BASE DE TISSU"},"excerpt":{"rendered":"<p>Con\u00e7u pour utiliser les m\u00eames types et types de cassettes et pour l&rsquo;enrobage des joints toriques dans les \u00e9chantillons, compatible avec la plupart des \u00e9quipements d&rsquo;enrobage courants.<\/p>\n","protected":false},"featured_media":4184,"comment_status":"closed","ping_status":"closed","template":"","meta":{"_acf_changed":false},"product_brand":[],"product_cat":[113,758,142],"product_tag":[],"class_list":{"0":"post-4794","1":"product","2":"type-product","3":"status-publish","4":"has-post-thumbnail","6":"product_cat-consommables","7":"product_cat-molds","8":"product_cat-station-de-coulage","10":"first","11":"instock","12":"shipping-taxable","13":"product-type-simple"},"acf":[],"_links":{"self":[{"href":"https:\/\/pathotec.ch\/fr\/wp-json\/wp\/v2\/product\/4794","targetHints":{"allow":["GET"]}}],"collection":[{"href":"https:\/\/pathotec.ch\/fr\/wp-json\/wp\/v2\/product"}],"about":[{"href":"https:\/\/pathotec.ch\/fr\/wp-json\/wp\/v2\/types\/product"}],"replies":[{"embeddable":true,"href":"https:\/\/pathotec.ch\/fr\/wp-json\/wp\/v2\/comments?post=4794"}],"wp:featuredmedia":[{"embeddable":true,"href":"https:\/\/pathotec.ch\/fr\/wp-json\/wp\/v2\/media\/4184"}],"wp:attachment":[{"href":"https:\/\/pathotec.ch\/fr\/wp-json\/wp\/v2\/media?parent=4794"}],"wp:term":[{"taxonomy":"product_brand","embeddable":true,"href":"https:\/\/pathotec.ch\/fr\/wp-json\/wp\/v2\/product_brand?post=4794"},{"taxonomy":"product_cat","embeddable":true,"href":"https:\/\/pathotec.ch\/fr\/wp-json\/wp\/v2\/product_cat?post=4794"},{"taxonomy":"product_tag","embeddable":true,"href":"https:\/\/pathotec.ch\/fr\/wp-json\/wp\/v2\/product_tag?post=4794"}],"curies":[{"name":"wp","href":"https:\/\/api.w.org\/{rel}","templated":true}]}}