{"id":4791,"date":"2025-10-15T16:37:24","date_gmt":"2025-10-15T14:37:24","guid":{"rendered":"https:\/\/pathotec.ch\/produkt\/mart-1-melan-a-antibody\/"},"modified":"2025-10-15T16:37:24","modified_gmt":"2025-10-15T14:37:24","slug":"mart-1-melan-a-antibody","status":"publish","type":"product","link":"https:\/\/pathotec.ch\/fr\/produkt\/mart-1-melan-a-antibody\/","title":{"rendered":"MART-1\/MELAN A ANTIBODY"},"excerpt":{"rendered":"<p>MART-1 (\u00e9galement connu sous le nom de m\u00e9lanine A) est un antig\u00e8ne de m\u00e9lanome reconnu par les cellules T.1-2 MART-1 est une prot\u00e9ine transmembranaire pr\u00e9sente dans les m\u00e9lanocytes de la peau normale, les naevus et la plupart des m\u00e9lanomes. MART-1 est un marqueur utile pour identifier les m\u00e9lanomes.3-11 Il est principalement utilis\u00e9 pour le diagnostic et le diagnostic diff\u00e9rentiel du m\u00e9lanome malin et des tumeurs \u00e0 diff\u00e9renciation m\u00e9lanocytaire. <\/p>\n","protected":false},"featured_media":4976,"comment_status":"closed","ping_status":"closed","template":"","meta":{"_acf_changed":false},"product_brand":[],"product_cat":[420],"product_tag":[777,778,779],"class_list":{"0":"post-4791","1":"product","2":"type-product","3":"status-publish","4":"has-post-thumbnail","6":"product_cat-antibody","7":"product_tag-mart","8":"product_tag-mart-1","9":"product_tag-melan","11":"first","12":"instock","13":"shipping-taxable","14":"product-type-simple"},"acf":[],"_links":{"self":[{"href":"https:\/\/pathotec.ch\/fr\/wp-json\/wp\/v2\/product\/4791","targetHints":{"allow":["GET"]}}],"collection":[{"href":"https:\/\/pathotec.ch\/fr\/wp-json\/wp\/v2\/product"}],"about":[{"href":"https:\/\/pathotec.ch\/fr\/wp-json\/wp\/v2\/types\/product"}],"replies":[{"embeddable":true,"href":"https:\/\/pathotec.ch\/fr\/wp-json\/wp\/v2\/comments?post=4791"}],"wp:featuredmedia":[{"embeddable":true,"href":"https:\/\/pathotec.ch\/fr\/wp-json\/wp\/v2\/media\/4976"}],"wp:attachment":[{"href":"https:\/\/pathotec.ch\/fr\/wp-json\/wp\/v2\/media?parent=4791"}],"wp:term":[{"taxonomy":"product_brand","embeddable":true,"href":"https:\/\/pathotec.ch\/fr\/wp-json\/wp\/v2\/product_brand?post=4791"},{"taxonomy":"product_cat","embeddable":true,"href":"https:\/\/pathotec.ch\/fr\/wp-json\/wp\/v2\/product_cat?post=4791"},{"taxonomy":"product_tag","embeddable":true,"href":"https:\/\/pathotec.ch\/fr\/wp-json\/wp\/v2\/product_tag?post=4791"}],"curies":[{"name":"wp","href":"https:\/\/api.w.org\/{rel}","templated":true}]}}