{"id":4783,"date":"2025-10-01T17:26:33","date_gmt":"2025-10-01T15:26:33","guid":{"rendered":"https:\/\/pathotec.ch\/produkt\/adhesion-slides-for-ihc-roche-ventana\/"},"modified":"2026-01-20T10:40:08","modified_gmt":"2026-01-20T09:40:08","slug":"adhesion-slides-for-ihc-roche-ventana","status":"publish","type":"product","link":"https:\/\/pathotec.ch\/fr\/produkt\/adhesion-slides-for-ihc-roche-ventana\/","title":{"rendered":"ADHESION SLIDES FOR IHC (ROCHE VENTANA)"},"excerpt":{"rendered":"<p class=\"my-2 [&amp;+p]:mt-4 [&amp;_strong:has(+br)]:inline-block [&amp;_strong:has(+br)]:pb-2\">Les lames Color-PLUS\u2122 PCI sont con\u00e7ues pour la coloration automatique IHC avec les appareils de coloration Roche Ventana IHC. Elles offrent une excellente adh\u00e9rence et une surface hydrophile avec une couche de couleur r\u00e9sistante aux produits chimiques et aux taches. Marquables avec des syst\u00e8mes d&rsquo;\u00e9criture courants tels que des crayons, des marqueurs ainsi que des imprimantes thermiques pour lames, par exemple Thermo Slide-Mate\u00ae, Signature\u00ae et des imprimantes laser UV. Recommand\u00e9 pour la coloration IHC automatique avec Roche Ventana, la coloration IHC manuelle, la coloration automatique avec les instruments Leica et Dako et la coloration H&amp;E de routine des sections de tissus d\u00e9tachables.   <\/p>\n","protected":false},"featured_media":4219,"comment_status":"closed","ping_status":"closed","template":"","meta":{"_acf_changed":false},"product_brand":[],"product_cat":[113,148,124,125,761],"product_tag":[],"class_list":{"0":"post-4783","1":"product","2":"type-product","3":"status-publish","4":"has-post-thumbnail","6":"product_cat-consommables","7":"product_cat-immunohistochimie-fr","8":"product_cat-mohs-montage-rapide","9":"product_cat-poste-de-microtome-fr","10":"product_cat-slides","12":"first","13":"instock","14":"shipping-taxable","15":"product-type-simple"},"acf":[],"_links":{"self":[{"href":"https:\/\/pathotec.ch\/fr\/wp-json\/wp\/v2\/product\/4783","targetHints":{"allow":["GET"]}}],"collection":[{"href":"https:\/\/pathotec.ch\/fr\/wp-json\/wp\/v2\/product"}],"about":[{"href":"https:\/\/pathotec.ch\/fr\/wp-json\/wp\/v2\/types\/product"}],"replies":[{"embeddable":true,"href":"https:\/\/pathotec.ch\/fr\/wp-json\/wp\/v2\/comments?post=4783"}],"wp:featuredmedia":[{"embeddable":true,"href":"https:\/\/pathotec.ch\/fr\/wp-json\/wp\/v2\/media\/4219"}],"wp:attachment":[{"href":"https:\/\/pathotec.ch\/fr\/wp-json\/wp\/v2\/media?parent=4783"}],"wp:term":[{"taxonomy":"product_brand","embeddable":true,"href":"https:\/\/pathotec.ch\/fr\/wp-json\/wp\/v2\/product_brand?post=4783"},{"taxonomy":"product_cat","embeddable":true,"href":"https:\/\/pathotec.ch\/fr\/wp-json\/wp\/v2\/product_cat?post=4783"},{"taxonomy":"product_tag","embeddable":true,"href":"https:\/\/pathotec.ch\/fr\/wp-json\/wp\/v2\/product_tag?post=4783"}],"curies":[{"name":"wp","href":"https:\/\/api.w.org\/{rel}","templated":true}]}}