{"id":4782,"date":"2025-10-02T11:16:49","date_gmt":"2025-10-02T09:16:49","guid":{"rendered":"https:\/\/pathotec.ch\/produkt\/disposable-embedding-o-rings\/"},"modified":"2026-01-20T10:40:04","modified_gmt":"2026-01-20T09:40:04","slug":"disposable-embedding-o-rings","status":"publish","type":"product","link":"https:\/\/pathotec.ch\/fr\/produkt\/disposable-embedding-o-rings\/","title":{"rendered":"DISPOSABLE EMBEDDING O RINGS"},"excerpt":{"rendered":"<p data-start=\"62\" data-end=\"165\">Les anneaux d&rsquo;encapsulation assurent une fixation s\u00fbre des \u00e9chantillons, permettent une identification claire gr\u00e2ce \u00e0 de grandes surfaces d&rsquo;inscription et \u00e0 des variantes de couleurs et convainquent par leur qualit\u00e9 de mat\u00e9riau robuste et r\u00e9sistant aux produits chimiques.<\/p>\n","protected":false},"featured_media":4216,"comment_status":"closed","ping_status":"closed","template":"","meta":{"_acf_changed":false},"product_brand":[],"product_cat":[113,758],"product_tag":[],"class_list":{"0":"post-4782","1":"product","2":"type-product","3":"status-publish","4":"has-post-thumbnail","6":"product_cat-consommables","7":"product_cat-molds","9":"first","10":"instock","11":"taxable","12":"shipping-taxable","13":"product-type-simple"},"acf":[],"_links":{"self":[{"href":"https:\/\/pathotec.ch\/fr\/wp-json\/wp\/v2\/product\/4782","targetHints":{"allow":["GET"]}}],"collection":[{"href":"https:\/\/pathotec.ch\/fr\/wp-json\/wp\/v2\/product"}],"about":[{"href":"https:\/\/pathotec.ch\/fr\/wp-json\/wp\/v2\/types\/product"}],"replies":[{"embeddable":true,"href":"https:\/\/pathotec.ch\/fr\/wp-json\/wp\/v2\/comments?post=4782"}],"wp:featuredmedia":[{"embeddable":true,"href":"https:\/\/pathotec.ch\/fr\/wp-json\/wp\/v2\/media\/4216"}],"wp:attachment":[{"href":"https:\/\/pathotec.ch\/fr\/wp-json\/wp\/v2\/media?parent=4782"}],"wp:term":[{"taxonomy":"product_brand","embeddable":true,"href":"https:\/\/pathotec.ch\/fr\/wp-json\/wp\/v2\/product_brand?post=4782"},{"taxonomy":"product_cat","embeddable":true,"href":"https:\/\/pathotec.ch\/fr\/wp-json\/wp\/v2\/product_cat?post=4782"},{"taxonomy":"product_tag","embeddable":true,"href":"https:\/\/pathotec.ch\/fr\/wp-json\/wp\/v2\/product_tag?post=4782"}],"curies":[{"name":"wp","href":"https:\/\/api.w.org\/{rel}","templated":true}]}}