{"id":4778,"date":"2025-10-02T19:08:51","date_gmt":"2025-10-02T17:08:51","guid":{"rendered":"https:\/\/pathotec.ch\/produkt\/histologie-moules-de-base-de-tissu\/"},"modified":"2025-10-02T19:08:51","modified_gmt":"2025-10-02T17:08:51","slug":"histologie-moules-de-base-de-tissu","status":"publish","type":"product","link":"https:\/\/pathotec.ch\/fr\/produkt\/histologie-moules-de-base-de-tissu\/","title":{"rendered":"HISTOLOGIE MOULES DE BASE DE TISSU"},"excerpt":{"rendered":"<p>Con\u00e7u pour \u00eatre utilis\u00e9 avec la plupart des appareils d&rsquo;enrobage courants. Avec une surface finement polie et des coins bien aiguis\u00e9s. Con\u00e7u pour \u00eatre r\u00e9utilis\u00e9 dans le respect de l&rsquo;environnement.  <\/p>\n","protected":false},"featured_media":4166,"comment_status":"closed","ping_status":"closed","template":"","meta":{"_acf_changed":false},"product_brand":[],"product_cat":[113,758,142],"product_tag":[],"class_list":{"0":"post-4778","1":"product","2":"type-product","3":"status-publish","4":"has-post-thumbnail","6":"product_cat-consommables","7":"product_cat-molds","8":"product_cat-station-de-coulage","10":"first","11":"instock","12":"shipping-taxable","13":"product-type-simple"},"acf":[],"_links":{"self":[{"href":"https:\/\/pathotec.ch\/fr\/wp-json\/wp\/v2\/product\/4778","targetHints":{"allow":["GET"]}}],"collection":[{"href":"https:\/\/pathotec.ch\/fr\/wp-json\/wp\/v2\/product"}],"about":[{"href":"https:\/\/pathotec.ch\/fr\/wp-json\/wp\/v2\/types\/product"}],"replies":[{"embeddable":true,"href":"https:\/\/pathotec.ch\/fr\/wp-json\/wp\/v2\/comments?post=4778"}],"wp:featuredmedia":[{"embeddable":true,"href":"https:\/\/pathotec.ch\/fr\/wp-json\/wp\/v2\/media\/4166"}],"wp:attachment":[{"href":"https:\/\/pathotec.ch\/fr\/wp-json\/wp\/v2\/media?parent=4778"}],"wp:term":[{"taxonomy":"product_brand","embeddable":true,"href":"https:\/\/pathotec.ch\/fr\/wp-json\/wp\/v2\/product_brand?post=4778"},{"taxonomy":"product_cat","embeddable":true,"href":"https:\/\/pathotec.ch\/fr\/wp-json\/wp\/v2\/product_cat?post=4778"},{"taxonomy":"product_tag","embeddable":true,"href":"https:\/\/pathotec.ch\/fr\/wp-json\/wp\/v2\/product_tag?post=4778"}],"curies":[{"name":"wp","href":"https:\/\/api.w.org\/{rel}","templated":true}]}}