{"id":4771,"date":"2025-05-26T19:50:38","date_gmt":"2025-05-26T17:50:38","guid":{"rendered":"https:\/\/pathotec.ch\/produkt\/nuclear-fast-red-rouge-vif\/"},"modified":"2025-05-26T19:50:38","modified_gmt":"2025-05-26T17:50:38","slug":"nuclear-fast-red-rouge-vif","status":"publish","type":"product","link":"https:\/\/pathotec.ch\/fr\/produkt\/nuclear-fast-red-rouge-vif\/","title":{"rendered":"NUCLEAR FAST RED &#8211; ROUGE VIF"},"excerpt":{"rendered":"<p>Le Nuclear Fast Red (\u00e9galement connu sous le nom de rouge nucl\u00e9aire ou de rouge nucl\u00e9aire-aluminium) est un colorant nucl\u00e9aire rouge utilis\u00e9 en histologie pour repr\u00e9senter les noyaux cellulaires en rouge \u00e0 rose-rouge.<\/p>\n","protected":false},"featured_media":3658,"comment_status":"closed","ping_status":"closed","template":"","meta":{"_acf_changed":false},"product_brand":[],"product_cat":[113,146,653],"product_tag":[747,749],"class_list":{"0":"post-4771","1":"product","2":"type-product","3":"status-publish","4":"has-post-thumbnail","6":"product_cat-consommables","7":"product_cat-coloration-recouvrement","8":"product_cat-reactifs-de-coloration","9":"product_tag-kernechtrot","10":"product_tag-nuclear-fast-red","12":"first","13":"instock","14":"shipping-taxable","15":"product-type-simple"},"acf":[],"_links":{"self":[{"href":"https:\/\/pathotec.ch\/fr\/wp-json\/wp\/v2\/product\/4771","targetHints":{"allow":["GET"]}}],"collection":[{"href":"https:\/\/pathotec.ch\/fr\/wp-json\/wp\/v2\/product"}],"about":[{"href":"https:\/\/pathotec.ch\/fr\/wp-json\/wp\/v2\/types\/product"}],"replies":[{"embeddable":true,"href":"https:\/\/pathotec.ch\/fr\/wp-json\/wp\/v2\/comments?post=4771"}],"wp:featuredmedia":[{"embeddable":true,"href":"https:\/\/pathotec.ch\/fr\/wp-json\/wp\/v2\/media\/3658"}],"wp:attachment":[{"href":"https:\/\/pathotec.ch\/fr\/wp-json\/wp\/v2\/media?parent=4771"}],"wp:term":[{"taxonomy":"product_brand","embeddable":true,"href":"https:\/\/pathotec.ch\/fr\/wp-json\/wp\/v2\/product_brand?post=4771"},{"taxonomy":"product_cat","embeddable":true,"href":"https:\/\/pathotec.ch\/fr\/wp-json\/wp\/v2\/product_cat?post=4771"},{"taxonomy":"product_tag","embeddable":true,"href":"https:\/\/pathotec.ch\/fr\/wp-json\/wp\/v2\/product_tag?post=4771"}],"curies":[{"name":"wp","href":"https:\/\/api.w.org\/{rel}","templated":true}]}}