{"id":4770,"date":"2025-05-26T19:58:14","date_gmt":"2025-05-26T17:58:14","guid":{"rendered":"https:\/\/pathotec.ch\/produkt\/cryostat-clean\/"},"modified":"2025-05-26T19:58:14","modified_gmt":"2025-05-26T17:58:14","slug":"cryostat-clean","status":"publish","type":"product","link":"https:\/\/pathotec.ch\/fr\/produkt\/cryostat-clean\/","title":{"rendered":"CRYOSTAT CLEAN"},"excerpt":{"rendered":"<p>CryoClean est un produit de nettoyage et de d\u00e9contamination utilis\u00e9 dans les domaines de la cryog\u00e9nie, de l&rsquo;histologie ou de la cryoconservation. Il est utilis\u00e9 pour nettoyer les cryostats, microtomes cryog\u00e9niques, et autres \u00e9quipements de laboratoire fonctionnant \u00e0 tr\u00e8s basse temp\u00e9rature. <\/p>\n","protected":false},"featured_media":3662,"comment_status":"closed","ping_status":"closed","template":"","meta":{"_acf_changed":false},"product_brand":[],"product_cat":[113,744,124],"product_tag":[748,745,746],"class_list":{"0":"post-4770","1":"product","2":"type-product","3":"status-publish","4":"has-post-thumbnail","6":"product_cat-consommables","7":"product_cat-desinfection-et-nettoyage","8":"product_cat-mohs-montage-rapide","9":"product_tag-cryostat","10":"product_tag-desinfection","11":"product_tag-produits-de-nettoyage","13":"first","14":"instock","15":"shipping-taxable","16":"product-type-simple"},"acf":[],"_links":{"self":[{"href":"https:\/\/pathotec.ch\/fr\/wp-json\/wp\/v2\/product\/4770","targetHints":{"allow":["GET"]}}],"collection":[{"href":"https:\/\/pathotec.ch\/fr\/wp-json\/wp\/v2\/product"}],"about":[{"href":"https:\/\/pathotec.ch\/fr\/wp-json\/wp\/v2\/types\/product"}],"replies":[{"embeddable":true,"href":"https:\/\/pathotec.ch\/fr\/wp-json\/wp\/v2\/comments?post=4770"}],"wp:featuredmedia":[{"embeddable":true,"href":"https:\/\/pathotec.ch\/fr\/wp-json\/wp\/v2\/media\/3662"}],"wp:attachment":[{"href":"https:\/\/pathotec.ch\/fr\/wp-json\/wp\/v2\/media?parent=4770"}],"wp:term":[{"taxonomy":"product_brand","embeddable":true,"href":"https:\/\/pathotec.ch\/fr\/wp-json\/wp\/v2\/product_brand?post=4770"},{"taxonomy":"product_cat","embeddable":true,"href":"https:\/\/pathotec.ch\/fr\/wp-json\/wp\/v2\/product_cat?post=4770"},{"taxonomy":"product_tag","embeddable":true,"href":"https:\/\/pathotec.ch\/fr\/wp-json\/wp\/v2\/product_tag?post=4770"}],"curies":[{"name":"wp","href":"https:\/\/api.w.org\/{rel}","templated":true}]}}