{"id":4768,"date":"2025-05-26T20:29:32","date_gmt":"2025-05-26T18:29:32","guid":{"rendered":"https:\/\/pathotec.ch\/produkt\/may-foret-de-fond-giemsa\/"},"modified":"2025-05-26T20:29:32","modified_gmt":"2025-05-26T18:29:32","slug":"may-foret-de-fond-giemsa","status":"publish","type":"product","link":"https:\/\/pathotec.ch\/fr\/produkt\/may-foret-de-fond-giemsa\/","title":{"rendered":"MAY FOR\u00caT DE FOND GIEMSA"},"excerpt":{"rendered":"<p>May Gr\u00fcnwald Giemsa est un kit de coloration pr\u00eat \u00e0 l&#8217;emploi pour la diff\u00e9renciation des types de cellules et la d\u00e9tection de parasites dans les coupes de tissus. Il est particuli\u00e8rement utile pour les tissus lymphatiques et h\u00e9matopo\u00ef\u00e9tiques. Cette coloration est souvent utilis\u00e9e pour d\u00e9tecter les r\u00e9ticules endoth\u00e9liaux.  <\/p>\n","protected":false},"featured_media":3670,"comment_status":"closed","ping_status":"closed","template":"","meta":{"_acf_changed":false},"product_brand":[],"product_cat":[113,146,653],"product_tag":[742,741,740],"class_list":{"0":"post-4768","1":"product","2":"type-product","3":"status-publish","4":"has-post-thumbnail","6":"product_cat-consommables","7":"product_cat-coloration-recouvrement","8":"product_cat-reactifs-de-coloration","9":"product_tag-giemsa","10":"product_tag-may-foret-de-fond-giemsa","11":"product_tag-may-gruendwald","13":"first","14":"instock","15":"shipping-taxable","16":"product-type-simple"},"acf":[],"_links":{"self":[{"href":"https:\/\/pathotec.ch\/fr\/wp-json\/wp\/v2\/product\/4768","targetHints":{"allow":["GET"]}}],"collection":[{"href":"https:\/\/pathotec.ch\/fr\/wp-json\/wp\/v2\/product"}],"about":[{"href":"https:\/\/pathotec.ch\/fr\/wp-json\/wp\/v2\/types\/product"}],"replies":[{"embeddable":true,"href":"https:\/\/pathotec.ch\/fr\/wp-json\/wp\/v2\/comments?post=4768"}],"wp:featuredmedia":[{"embeddable":true,"href":"https:\/\/pathotec.ch\/fr\/wp-json\/wp\/v2\/media\/3670"}],"wp:attachment":[{"href":"https:\/\/pathotec.ch\/fr\/wp-json\/wp\/v2\/media?parent=4768"}],"wp:term":[{"taxonomy":"product_brand","embeddable":true,"href":"https:\/\/pathotec.ch\/fr\/wp-json\/wp\/v2\/product_brand?post=4768"},{"taxonomy":"product_cat","embeddable":true,"href":"https:\/\/pathotec.ch\/fr\/wp-json\/wp\/v2\/product_cat?post=4768"},{"taxonomy":"product_tag","embeddable":true,"href":"https:\/\/pathotec.ch\/fr\/wp-json\/wp\/v2\/product_tag?post=4768"}],"curies":[{"name":"wp","href":"https:\/\/api.w.org\/{rel}","templated":true}]}}