{"id":4766,"date":"2025-05-26T20:22:18","date_gmt":"2025-05-26T18:22:18","guid":{"rendered":"https:\/\/pathotec.ch\/produkt\/ziehl-neelsen-fite\/"},"modified":"2025-05-26T20:22:18","modified_gmt":"2025-05-26T18:22:18","slug":"ziehl-neelsen-fite","status":"publish","type":"product","link":"https:\/\/pathotec.ch\/fr\/produkt\/ziehl-neelsen-fite\/","title":{"rendered":"ZIEHL NEELSEN FITE"},"excerpt":{"rendered":"<p>La coloration Ziehl-Neelsen, modifi\u00e9e selon Fite, est un kit de coloration pr\u00eat \u00e0 l&#8217;emploi qui convient pour mettre en \u00e9vidence les bact\u00e9ries acido-r\u00e9sistantes telles que les mycobact\u00e9ries (Mycobacterium tubercolosis, Mycobacterium Leprae), les actinomyc\u00e8tes et les parasites dans les coupes histologiques, les frottis et les cultures.<\/p>\n","protected":false},"featured_media":3674,"comment_status":"closed","ping_status":"closed","template":"","meta":{"_acf_changed":false},"product_brand":[],"product_cat":[113,146],"product_tag":[738,737,734,736,739],"class_list":{"0":"post-4766","1":"product","2":"type-product","3":"status-publish","4":"has-post-thumbnail","6":"product_cat-consommables","7":"product_cat-coloration-recouvrement","8":"product_tag-fite","9":"product_tag-neelsen-fite","10":"product_tag-tirez-neelsen","11":"product_tag-ziehl","12":"product_tag-ziehl-neelsen-fite","14":"first","15":"instock","16":"shipping-taxable","17":"product-type-simple"},"acf":[],"_links":{"self":[{"href":"https:\/\/pathotec.ch\/fr\/wp-json\/wp\/v2\/product\/4766","targetHints":{"allow":["GET"]}}],"collection":[{"href":"https:\/\/pathotec.ch\/fr\/wp-json\/wp\/v2\/product"}],"about":[{"href":"https:\/\/pathotec.ch\/fr\/wp-json\/wp\/v2\/types\/product"}],"replies":[{"embeddable":true,"href":"https:\/\/pathotec.ch\/fr\/wp-json\/wp\/v2\/comments?post=4766"}],"wp:featuredmedia":[{"embeddable":true,"href":"https:\/\/pathotec.ch\/fr\/wp-json\/wp\/v2\/media\/3674"}],"wp:attachment":[{"href":"https:\/\/pathotec.ch\/fr\/wp-json\/wp\/v2\/media?parent=4766"}],"wp:term":[{"taxonomy":"product_brand","embeddable":true,"href":"https:\/\/pathotec.ch\/fr\/wp-json\/wp\/v2\/product_brand?post=4766"},{"taxonomy":"product_cat","embeddable":true,"href":"https:\/\/pathotec.ch\/fr\/wp-json\/wp\/v2\/product_cat?post=4766"},{"taxonomy":"product_tag","embeddable":true,"href":"https:\/\/pathotec.ch\/fr\/wp-json\/wp\/v2\/product_tag?post=4766"}],"curies":[{"name":"wp","href":"https:\/\/api.w.org\/{rel}","templated":true}]}}