{"id":4764,"date":"2025-05-26T20:40:27","date_gmt":"2025-05-26T18:40:27","guid":{"rendered":"https:\/\/pathotec.ch\/produkt\/gram\/"},"modified":"2025-05-26T20:40:27","modified_gmt":"2025-05-26T18:40:27","slug":"gram","status":"publish","type":"product","link":"https:\/\/pathotec.ch\/fr\/produkt\/gram\/","title":{"rendered":"GRAM"},"excerpt":{"rendered":"<p>Gram est un kit de coloration pr\u00eat \u00e0 l&#8217;emploi pour la diff\u00e9renciation rapide des bact\u00e9ries Gram positif et Gram n\u00e9gatif. La coloration de Gram est une m\u00e9thode de coloration bact\u00e9rienne diff\u00e9rentielle qui divise les bact\u00e9ries en deux grands groupes en fonction de la structure de leur paroi cellulaire. Elle est l&rsquo;une des principales m\u00e9thodes rapides de diagnostic microbiologique.  <\/p>\n","protected":false},"featured_media":3688,"comment_status":"closed","ping_status":"closed","template":"","meta":{"_acf_changed":false},"product_brand":[],"product_cat":[113,146,653],"product_tag":[728],"class_list":{"0":"post-4764","1":"product","2":"type-product","3":"status-publish","4":"has-post-thumbnail","6":"product_cat-consommables","7":"product_cat-coloration-recouvrement","8":"product_cat-reactifs-de-coloration","9":"product_tag-gram","11":"first","12":"instock","13":"shipping-taxable","14":"product-type-simple"},"acf":[],"_links":{"self":[{"href":"https:\/\/pathotec.ch\/fr\/wp-json\/wp\/v2\/product\/4764","targetHints":{"allow":["GET"]}}],"collection":[{"href":"https:\/\/pathotec.ch\/fr\/wp-json\/wp\/v2\/product"}],"about":[{"href":"https:\/\/pathotec.ch\/fr\/wp-json\/wp\/v2\/types\/product"}],"replies":[{"embeddable":true,"href":"https:\/\/pathotec.ch\/fr\/wp-json\/wp\/v2\/comments?post=4764"}],"wp:featuredmedia":[{"embeddable":true,"href":"https:\/\/pathotec.ch\/fr\/wp-json\/wp\/v2\/media\/3688"}],"wp:attachment":[{"href":"https:\/\/pathotec.ch\/fr\/wp-json\/wp\/v2\/media?parent=4764"}],"wp:term":[{"taxonomy":"product_brand","embeddable":true,"href":"https:\/\/pathotec.ch\/fr\/wp-json\/wp\/v2\/product_brand?post=4764"},{"taxonomy":"product_cat","embeddable":true,"href":"https:\/\/pathotec.ch\/fr\/wp-json\/wp\/v2\/product_cat?post=4764"},{"taxonomy":"product_tag","embeddable":true,"href":"https:\/\/pathotec.ch\/fr\/wp-json\/wp\/v2\/product_tag?post=4764"}],"curies":[{"name":"wp","href":"https:\/\/api.w.org\/{rel}","templated":true}]}}