{"id":4760,"date":"2025-05-26T20:48:38","date_gmt":"2025-05-26T18:48:38","guid":{"rendered":"https:\/\/pathotec.ch\/produkt\/gordon-sweet\/"},"modified":"2025-05-26T20:48:38","modified_gmt":"2025-05-26T18:48:38","slug":"gordon-sweet","status":"publish","type":"product","link":"https:\/\/pathotec.ch\/fr\/produkt\/gordon-sweet\/","title":{"rendered":"GORDON SWEET"},"excerpt":{"rendered":"<p>Le kit de r\u00e9ticuline Gordon &amp; Sweet est un kit de coloration pr\u00eat \u00e0 l&#8217;emploi pour la d\u00e9tection des fibres r\u00e9ticulaires dans les \u00e9chantillons de tissus histologiques. La coloration de Gordon &amp; Sweet est une impr\u00e9gnation sp\u00e9ciale \u00e0 l&rsquo;argent pour la d\u00e9tection des fibres de r\u00e9ticuline &#8211; ce sont de fines fibres de collag\u00e8ne de type III qui forment une structure de soutien r\u00e9ticul\u00e9e dans diff\u00e9rents organes. <\/p>\n","protected":false},"featured_media":3693,"comment_status":"closed","ping_status":"closed","template":"","meta":{"_acf_changed":false},"product_brand":[],"product_cat":[113,146,653],"product_tag":[717,716],"class_list":{"0":"post-4760","1":"product","2":"type-product","3":"status-publish","4":"has-post-thumbnail","6":"product_cat-consommables","7":"product_cat-coloration-recouvrement","8":"product_cat-reactifs-de-coloration","9":"product_tag-gordon","10":"product_tag-gordon-sweet","12":"first","13":"instock","14":"shipping-taxable","15":"product-type-simple"},"acf":[],"_links":{"self":[{"href":"https:\/\/pathotec.ch\/fr\/wp-json\/wp\/v2\/product\/4760","targetHints":{"allow":["GET"]}}],"collection":[{"href":"https:\/\/pathotec.ch\/fr\/wp-json\/wp\/v2\/product"}],"about":[{"href":"https:\/\/pathotec.ch\/fr\/wp-json\/wp\/v2\/types\/product"}],"replies":[{"embeddable":true,"href":"https:\/\/pathotec.ch\/fr\/wp-json\/wp\/v2\/comments?post=4760"}],"wp:featuredmedia":[{"embeddable":true,"href":"https:\/\/pathotec.ch\/fr\/wp-json\/wp\/v2\/media\/3693"}],"wp:attachment":[{"href":"https:\/\/pathotec.ch\/fr\/wp-json\/wp\/v2\/media?parent=4760"}],"wp:term":[{"taxonomy":"product_brand","embeddable":true,"href":"https:\/\/pathotec.ch\/fr\/wp-json\/wp\/v2\/product_brand?post=4760"},{"taxonomy":"product_cat","embeddable":true,"href":"https:\/\/pathotec.ch\/fr\/wp-json\/wp\/v2\/product_cat?post=4760"},{"taxonomy":"product_tag","embeddable":true,"href":"https:\/\/pathotec.ch\/fr\/wp-json\/wp\/v2\/product_tag?post=4760"}],"curies":[{"name":"wp","href":"https:\/\/api.w.org\/{rel}","templated":true}]}}