{"id":4759,"date":"2025-05-26T20:44:52","date_gmt":"2025-05-26T18:44:52","guid":{"rendered":"https:\/\/pathotec.ch\/produkt\/grocott\/"},"modified":"2026-01-20T10:39:23","modified_gmt":"2026-01-20T09:39:23","slug":"grocott","status":"publish","type":"product","link":"https:\/\/pathotec.ch\/fr\/produkt\/grocott\/","title":{"rendered":"GROCOTT"},"excerpt":{"rendered":"<p>Grocott est un kit de coloration pr\u00eat \u00e0 l&#8217;emploi pour distinguer les organismes fongiques dans les coupes de tissus. La coloration Grocott est une m\u00e9thode sp\u00e9ciale d&rsquo;impr\u00e9gnation \u00e0 l&rsquo;argent pour la d\u00e9tection des champignons, en particulier dans les coupes de tissus histologiques. Elle est utilis\u00e9e en routine en pathologie pour le diagnostic des infections mycosiques &#8211; par exemple pour Pneumocystis jirovecii, Candida, Aspergillus ou Histoplasma.<\/p>\n","protected":false},"featured_media":4357,"comment_status":"closed","ping_status":"closed","template":"","meta":{"_acf_changed":false},"product_brand":[],"product_cat":[113,146,653],"product_tag":[714],"class_list":{"0":"post-4759","1":"product","2":"type-product","3":"status-publish","4":"has-post-thumbnail","6":"product_cat-consommables","7":"product_cat-coloration-recouvrement","8":"product_cat-reactifs-de-coloration","9":"product_tag-grocott","11":"first","12":"instock","13":"taxable","14":"shipping-taxable","15":"product-type-simple"},"acf":[],"_links":{"self":[{"href":"https:\/\/pathotec.ch\/fr\/wp-json\/wp\/v2\/product\/4759","targetHints":{"allow":["GET"]}}],"collection":[{"href":"https:\/\/pathotec.ch\/fr\/wp-json\/wp\/v2\/product"}],"about":[{"href":"https:\/\/pathotec.ch\/fr\/wp-json\/wp\/v2\/types\/product"}],"replies":[{"embeddable":true,"href":"https:\/\/pathotec.ch\/fr\/wp-json\/wp\/v2\/comments?post=4759"}],"wp:featuredmedia":[{"embeddable":true,"href":"https:\/\/pathotec.ch\/fr\/wp-json\/wp\/v2\/media\/4357"}],"wp:attachment":[{"href":"https:\/\/pathotec.ch\/fr\/wp-json\/wp\/v2\/media?parent=4759"}],"wp:term":[{"taxonomy":"product_brand","embeddable":true,"href":"https:\/\/pathotec.ch\/fr\/wp-json\/wp\/v2\/product_brand?post=4759"},{"taxonomy":"product_cat","embeddable":true,"href":"https:\/\/pathotec.ch\/fr\/wp-json\/wp\/v2\/product_cat?post=4759"},{"taxonomy":"product_tag","embeddable":true,"href":"https:\/\/pathotec.ch\/fr\/wp-json\/wp\/v2\/product_tag?post=4759"}],"curies":[{"name":"wp","href":"https:\/\/api.w.org\/{rel}","templated":true}]}}