{"id":4756,"date":"2025-06-07T11:34:48","date_gmt":"2025-06-07T09:34:48","guid":{"rendered":"https:\/\/pathotec.ch\/produkt\/colorjet-nano\/"},"modified":"2025-06-07T11:34:48","modified_gmt":"2025-06-07T09:34:48","slug":"colorjet-nano","status":"publish","type":"product","link":"https:\/\/pathotec.ch\/fr\/produkt\/colorjet-nano\/","title":{"rendered":"COLORJET NANO"},"excerpt":{"rendered":"<p>Le ColorJet Nano est un automate de coloration de lames enti\u00e8rement automatique, sp\u00e9cialement con\u00e7u pour les colorations de Gram et cellulaires. Il combine vitesse \u00e9lev\u00e9e, compacit\u00e9 et flexibilit\u00e9. <\/p>\n","protected":false},"featured_media":3944,"comment_status":"closed","ping_status":"closed","template":"","meta":{"_acf_changed":false},"product_brand":[],"product_cat":[87,117,689,687],"product_tag":[711,712,708,709,710],"class_list":{"0":"post-4756","1":"product","2":"type-product","3":"status-publish","4":"has-post-thumbnail","6":"product_cat-equipment-fr","7":"product_cat-cytologie","8":"product_cat-hematologie","9":"product_cat-microbiologie","10":"product_tag-automate-de-teinture","11":"product_tag-colorjet","12":"product_tag-hematologie","13":"product_tag-microbiologie","14":"product_tag-teinturier","16":"first","17":"instock","18":"taxable","19":"shipping-taxable","20":"product-type-simple"},"acf":[],"_links":{"self":[{"href":"https:\/\/pathotec.ch\/fr\/wp-json\/wp\/v2\/product\/4756","targetHints":{"allow":["GET"]}}],"collection":[{"href":"https:\/\/pathotec.ch\/fr\/wp-json\/wp\/v2\/product"}],"about":[{"href":"https:\/\/pathotec.ch\/fr\/wp-json\/wp\/v2\/types\/product"}],"replies":[{"embeddable":true,"href":"https:\/\/pathotec.ch\/fr\/wp-json\/wp\/v2\/comments?post=4756"}],"wp:featuredmedia":[{"embeddable":true,"href":"https:\/\/pathotec.ch\/fr\/wp-json\/wp\/v2\/media\/3944"}],"wp:attachment":[{"href":"https:\/\/pathotec.ch\/fr\/wp-json\/wp\/v2\/media?parent=4756"}],"wp:term":[{"taxonomy":"product_brand","embeddable":true,"href":"https:\/\/pathotec.ch\/fr\/wp-json\/wp\/v2\/product_brand?post=4756"},{"taxonomy":"product_cat","embeddable":true,"href":"https:\/\/pathotec.ch\/fr\/wp-json\/wp\/v2\/product_cat?post=4756"},{"taxonomy":"product_tag","embeddable":true,"href":"https:\/\/pathotec.ch\/fr\/wp-json\/wp\/v2\/product_tag?post=4756"}],"curies":[{"name":"wp","href":"https:\/\/api.w.org\/{rel}","templated":true}]}}