{"id":4753,"date":"2025-05-27T19:49:03","date_gmt":"2025-05-27T17:49:03","guid":{"rendered":"https:\/\/pathotec.ch\/produkt\/encre-de-marquage-tissulaire\/"},"modified":"2025-05-27T19:49:03","modified_gmt":"2025-05-27T17:49:03","slug":"encre-de-marquage-tissulaire","status":"publish","type":"product","link":"https:\/\/pathotec.ch\/fr\/produkt\/encre-de-marquage-tissulaire\/","title":{"rendered":"ENCRE DE MARQUAGE TISSULAIRE"},"excerpt":{"rendered":"<p>Des colorants con\u00e7us pour marquer clairement les bords sans couler, changer de couleur ou s&rsquo;estomper. Des colorants r\u00e9sistants et lumineux qui adh\u00e8rent durablement m\u00eame pendant le traitement et la coloration des \u00e9chantillons avec des alcools gradu\u00e9s, du xyl\u00e8ne et d&rsquo;autres solvants. <\/p>\n","protected":false},"featured_media":4319,"comment_status":"closed","ping_status":"closed","template":"","meta":{"_acf_changed":false},"product_brand":[],"product_cat":[113,702,123,124],"product_tag":[],"class_list":{"0":"post-4753","1":"product","2":"type-product","3":"status-publish","4":"has-post-thumbnail","6":"product_cat-consommables","7":"product_cat-dyes-de-marquage-des-tissus","8":"product_cat-reception-dechantillons-macroscopie-fr","9":"product_cat-mohs-montage-rapide","11":"first","12":"instock","13":"shipping-taxable","14":"product-type-simple"},"acf":[],"_links":{"self":[{"href":"https:\/\/pathotec.ch\/fr\/wp-json\/wp\/v2\/product\/4753","targetHints":{"allow":["GET"]}}],"collection":[{"href":"https:\/\/pathotec.ch\/fr\/wp-json\/wp\/v2\/product"}],"about":[{"href":"https:\/\/pathotec.ch\/fr\/wp-json\/wp\/v2\/types\/product"}],"replies":[{"embeddable":true,"href":"https:\/\/pathotec.ch\/fr\/wp-json\/wp\/v2\/comments?post=4753"}],"wp:featuredmedia":[{"embeddable":true,"href":"https:\/\/pathotec.ch\/fr\/wp-json\/wp\/v2\/media\/4319"}],"wp:attachment":[{"href":"https:\/\/pathotec.ch\/fr\/wp-json\/wp\/v2\/media?parent=4753"}],"wp:term":[{"taxonomy":"product_brand","embeddable":true,"href":"https:\/\/pathotec.ch\/fr\/wp-json\/wp\/v2\/product_brand?post=4753"},{"taxonomy":"product_cat","embeddable":true,"href":"https:\/\/pathotec.ch\/fr\/wp-json\/wp\/v2\/product_cat?post=4753"},{"taxonomy":"product_tag","embeddable":true,"href":"https:\/\/pathotec.ch\/fr\/wp-json\/wp\/v2\/product_tag?post=4753"}],"curies":[{"name":"wp","href":"https:\/\/api.w.org\/{rel}","templated":true}]}}