{"id":4742,"date":"2025-10-02T19:52:10","date_gmt":"2025-10-02T17:52:10","guid":{"rendered":"https:\/\/pathotec.ch\/produkt\/embedded-cassette-em-121\/"},"modified":"2025-10-02T19:52:10","modified_gmt":"2025-10-02T17:52:10","slug":"embedded-cassette-em-121","status":"publish","type":"product","link":"https:\/\/pathotec.ch\/fr\/produkt\/embedded-cassette-em-121\/","title":{"rendered":"EMBEDDED CASSETTE EM 121"},"excerpt":{"rendered":"<p>La conception en deux parties facilite l&rsquo;insertion et la fixation pour verrouiller solidement le couvercle dans la cassette, permet d&rsquo;ouvrir et de fermer le couvercle plus fr\u00e9quemment et de retirer et d&rsquo;ins\u00e9rer le couvercle de la cassette facilement et en toute s\u00e9curit\u00e9, sans risque de perte d&rsquo;\u00e9chantillon.<\/p>\n","protected":false},"featured_media":4228,"comment_status":"closed","ping_status":"closed","template":"","meta":{"_acf_changed":false},"product_brand":[],"product_cat":[113,651,123],"product_tag":[],"class_list":{"0":"post-4742","1":"product","2":"type-product","3":"status-publish","4":"has-post-thumbnail","6":"product_cat-consommables","7":"product_cat-cassettes","8":"product_cat-reception-dechantillons-macroscopie-fr","10":"first","11":"instock","12":"shipping-taxable","13":"product-type-simple"},"acf":[],"_links":{"self":[{"href":"https:\/\/pathotec.ch\/fr\/wp-json\/wp\/v2\/product\/4742","targetHints":{"allow":["GET"]}}],"collection":[{"href":"https:\/\/pathotec.ch\/fr\/wp-json\/wp\/v2\/product"}],"about":[{"href":"https:\/\/pathotec.ch\/fr\/wp-json\/wp\/v2\/types\/product"}],"replies":[{"embeddable":true,"href":"https:\/\/pathotec.ch\/fr\/wp-json\/wp\/v2\/comments?post=4742"}],"wp:featuredmedia":[{"embeddable":true,"href":"https:\/\/pathotec.ch\/fr\/wp-json\/wp\/v2\/media\/4228"}],"wp:attachment":[{"href":"https:\/\/pathotec.ch\/fr\/wp-json\/wp\/v2\/media?parent=4742"}],"wp:term":[{"taxonomy":"product_brand","embeddable":true,"href":"https:\/\/pathotec.ch\/fr\/wp-json\/wp\/v2\/product_brand?post=4742"},{"taxonomy":"product_cat","embeddable":true,"href":"https:\/\/pathotec.ch\/fr\/wp-json\/wp\/v2\/product_cat?post=4742"},{"taxonomy":"product_tag","embeddable":true,"href":"https:\/\/pathotec.ch\/fr\/wp-json\/wp\/v2\/product_tag?post=4742"}],"curies":[{"name":"wp","href":"https:\/\/api.w.org\/{rel}","templated":true}]}}