{"id":4741,"date":"2025-10-02T19:27:35","date_gmt":"2025-10-02T17:27:35","guid":{"rendered":"https:\/\/pathotec.ch\/produkt\/embedded-cassette-em-103\/"},"modified":"2025-10-02T19:27:35","modified_gmt":"2025-10-02T17:27:35","slug":"embedded-cassette-em-103","status":"publish","type":"product","link":"https:\/\/pathotec.ch\/fr\/produkt\/embedded-cassette-em-103\/","title":{"rendered":"EMBEDDED CASSETTE EM 103"},"excerpt":{"rendered":"<p>Ces mod\u00e8les, con\u00e7us dans un premier temps pour le traitement des \u00e9chantillons, l&rsquo;enrobage et la coupe, s&rsquo;adaptent au couvercle m\u00e9tallique du CITOTEST. Fabriqu\u00e9s en mat\u00e9riau P.O.M., ils r\u00e9sistent \u00e0 100 % aux r\u00e9actions chimiques des solvants histologiques. Avec deux grandes surfaces d&rsquo;\u00e9criture sur les c\u00f4t\u00e9s de la cassette et une surface d&rsquo;\u00e9criture inclin\u00e9e \u00e0 l&rsquo;avant avec un angle de 45\u00b0, adaptable \u00e0 la plupart des \u00e9tiqueteuses de cassettes. Conception compacte pour un ajustement s\u00fbr dans les adaptateurs de mandrin de microtome et pour emp\u00eacher la d\u00e9formation de la cassette pendant la coupe pathologique. La fente de verrouillage plus grande est pr\u00e9vue pour recevoir le couvercle m\u00e9tallique.    <\/p>\n","protected":false},"featured_media":4223,"comment_status":"closed","ping_status":"closed","template":"","meta":{"_acf_changed":false},"product_brand":[],"product_cat":[113,651,123],"product_tag":[],"class_list":{"0":"post-4741","1":"product","2":"type-product","3":"status-publish","4":"has-post-thumbnail","6":"product_cat-consommables","7":"product_cat-cassettes","8":"product_cat-reception-dechantillons-macroscopie-fr","10":"first","11":"instock","12":"shipping-taxable","13":"product-type-simple"},"acf":[],"_links":{"self":[{"href":"https:\/\/pathotec.ch\/fr\/wp-json\/wp\/v2\/product\/4741","targetHints":{"allow":["GET"]}}],"collection":[{"href":"https:\/\/pathotec.ch\/fr\/wp-json\/wp\/v2\/product"}],"about":[{"href":"https:\/\/pathotec.ch\/fr\/wp-json\/wp\/v2\/types\/product"}],"replies":[{"embeddable":true,"href":"https:\/\/pathotec.ch\/fr\/wp-json\/wp\/v2\/comments?post=4741"}],"wp:featuredmedia":[{"embeddable":true,"href":"https:\/\/pathotec.ch\/fr\/wp-json\/wp\/v2\/media\/4223"}],"wp:attachment":[{"href":"https:\/\/pathotec.ch\/fr\/wp-json\/wp\/v2\/media?parent=4741"}],"wp:term":[{"taxonomy":"product_brand","embeddable":true,"href":"https:\/\/pathotec.ch\/fr\/wp-json\/wp\/v2\/product_brand?post=4741"},{"taxonomy":"product_cat","embeddable":true,"href":"https:\/\/pathotec.ch\/fr\/wp-json\/wp\/v2\/product_cat?post=4741"},{"taxonomy":"product_tag","embeddable":true,"href":"https:\/\/pathotec.ch\/fr\/wp-json\/wp\/v2\/product_tag?post=4741"}],"curies":[{"name":"wp","href":"https:\/\/api.w.org\/{rel}","templated":true}]}}