{"id":4736,"date":"2025-05-26T21:03:55","date_gmt":"2025-05-26T19:03:55","guid":{"rendered":"https:\/\/pathotec.ch\/produkt\/masson-trichrome\/"},"modified":"2026-01-20T10:38:42","modified_gmt":"2026-01-20T09:38:42","slug":"masson-trichrome","status":"publish","type":"product","link":"https:\/\/pathotec.ch\/fr\/produkt\/masson-trichrome\/","title":{"rendered":"MASSON TRICHROME"},"excerpt":{"rendered":"<p>Le trichrome de Masson est un kit de coloration pr\u00eat \u00e0 l&#8217;emploi pour l&rsquo;identification des muscles, des fibres de collag\u00e8ne, de la fibrine et des \u00e9rythrocytes dans les coupes de tissus. Le trichrome de Masson est une coloration histologique classique sp\u00e9ciale qui permet de distinguer clairement par la couleur les tissus conjonctifs, les muscles, l&rsquo;\u00e9pith\u00e9lium, les noyaux cellulaires et les globules rouges. Elle est utilis\u00e9e en histologie de routine et en diagnostic pathologique, par exemple pour \u00e9valuer la fibrose, le tissu cicatriciel, le stroma tumoral ou les parois vasculaires.<\/p>\n","protected":false},"featured_media":4346,"comment_status":"closed","ping_status":"closed","template":"","meta":{"_acf_changed":false},"product_brand":[],"product_cat":[113,146,653],"product_tag":[666,667],"class_list":{"0":"post-4736","1":"product","2":"type-product","3":"status-publish","4":"has-post-thumbnail","6":"product_cat-consommables","7":"product_cat-coloration-recouvrement","8":"product_cat-reactifs-de-coloration","9":"product_tag-masson","10":"product_tag-masson-trichrome","12":"first","13":"instock","14":"taxable","15":"shipping-taxable","16":"product-type-simple"},"acf":[],"_links":{"self":[{"href":"https:\/\/pathotec.ch\/fr\/wp-json\/wp\/v2\/product\/4736","targetHints":{"allow":["GET"]}}],"collection":[{"href":"https:\/\/pathotec.ch\/fr\/wp-json\/wp\/v2\/product"}],"about":[{"href":"https:\/\/pathotec.ch\/fr\/wp-json\/wp\/v2\/types\/product"}],"replies":[{"embeddable":true,"href":"https:\/\/pathotec.ch\/fr\/wp-json\/wp\/v2\/comments?post=4736"}],"wp:featuredmedia":[{"embeddable":true,"href":"https:\/\/pathotec.ch\/fr\/wp-json\/wp\/v2\/media\/4346"}],"wp:attachment":[{"href":"https:\/\/pathotec.ch\/fr\/wp-json\/wp\/v2\/media?parent=4736"}],"wp:term":[{"taxonomy":"product_brand","embeddable":true,"href":"https:\/\/pathotec.ch\/fr\/wp-json\/wp\/v2\/product_brand?post=4736"},{"taxonomy":"product_cat","embeddable":true,"href":"https:\/\/pathotec.ch\/fr\/wp-json\/wp\/v2\/product_cat?post=4736"},{"taxonomy":"product_tag","embeddable":true,"href":"https:\/\/pathotec.ch\/fr\/wp-json\/wp\/v2\/product_tag?post=4736"}],"curies":[{"name":"wp","href":"https:\/\/api.w.org\/{rel}","templated":true}]}}