{"id":4730,"date":"2025-05-26T21:21:35","date_gmt":"2025-05-26T19:21:35","guid":{"rendered":"https:\/\/pathotec.ch\/produkt\/p-a-s-diastase\/"},"modified":"2026-01-20T10:38:36","modified_gmt":"2026-01-20T09:38:36","slug":"p-a-s-diastase","status":"publish","type":"product","link":"https:\/\/pathotec.ch\/fr\/produkt\/p-a-s-diastase\/","title":{"rendered":"P.A.S. DIASTASE"},"excerpt":{"rendered":"<p>La coloration \u00e0 la diastase P.A.S. est une coloration \u00e0 l&rsquo;acide p\u00e9riodique de Schiff (PAS) modifi\u00e9e, dans laquelle la pr\u00e9paration est \u00e9galement pr\u00e9trait\u00e9e \u00e0 la diastase (amylase). Cette m\u00e9thode est utilis\u00e9e pour d\u00e9tecter ou exclure sp\u00e9cifiquement le glycog\u00e8ne en l&rsquo;\u00e9liminant par voie enzymatique avant la coloration PAS. <\/p>\n","protected":false},"featured_media":3733,"comment_status":"closed","ping_status":"closed","template":"","meta":{"_acf_changed":false},"product_brand":[],"product_cat":[113,146,653],"product_tag":[660,669,659],"class_list":{"0":"post-4730","1":"product","2":"type-product","3":"status-publish","4":"has-post-thumbnail","6":"product_cat-consommables","7":"product_cat-coloration-recouvrement","8":"product_cat-reactifs-de-coloration","9":"product_tag-coloration","10":"product_tag-diastase","11":"product_tag-pas","13":"first","14":"instock","15":"taxable","16":"shipping-taxable","17":"product-type-simple"},"acf":[],"_links":{"self":[{"href":"https:\/\/pathotec.ch\/fr\/wp-json\/wp\/v2\/product\/4730","targetHints":{"allow":["GET"]}}],"collection":[{"href":"https:\/\/pathotec.ch\/fr\/wp-json\/wp\/v2\/product"}],"about":[{"href":"https:\/\/pathotec.ch\/fr\/wp-json\/wp\/v2\/types\/product"}],"replies":[{"embeddable":true,"href":"https:\/\/pathotec.ch\/fr\/wp-json\/wp\/v2\/comments?post=4730"}],"wp:featuredmedia":[{"embeddable":true,"href":"https:\/\/pathotec.ch\/fr\/wp-json\/wp\/v2\/media\/3733"}],"wp:attachment":[{"href":"https:\/\/pathotec.ch\/fr\/wp-json\/wp\/v2\/media?parent=4730"}],"wp:term":[{"taxonomy":"product_brand","embeddable":true,"href":"https:\/\/pathotec.ch\/fr\/wp-json\/wp\/v2\/product_brand?post=4730"},{"taxonomy":"product_cat","embeddable":true,"href":"https:\/\/pathotec.ch\/fr\/wp-json\/wp\/v2\/product_cat?post=4730"},{"taxonomy":"product_tag","embeddable":true,"href":"https:\/\/pathotec.ch\/fr\/wp-json\/wp\/v2\/product_tag?post=4730"}],"curies":[{"name":"wp","href":"https:\/\/api.w.org\/{rel}","templated":true}]}}