{"id":4728,"date":"2025-05-26T21:07:00","date_gmt":"2025-05-26T19:07:00","guid":{"rendered":"https:\/\/pathotec.ch\/produkt\/masson-trichrome-goldner\/"},"modified":"2025-05-26T21:07:00","modified_gmt":"2025-05-26T19:07:00","slug":"masson-trichrome-goldner","status":"publish","type":"product","link":"https:\/\/pathotec.ch\/fr\/produkt\/masson-trichrome-goldner\/","title":{"rendered":"MASSON TRICHROME GOLDNER"},"excerpt":{"rendered":"<p>Le trichrome de Masson-Goldner est un kit de coloration pr\u00eat \u00e0 l&#8217;emploi pour la visualisation des structures du tissu conjonctif dans les coupes de tissus. La coloration trichrome de Masson-Goldner est une coloration histologique sp\u00e9ciale qui permet de distinguer clairement les tissus conjonctifs, les muscles, les os et les noyaux cellulaires. Il s&rsquo;agit d&rsquo;une forme modifi\u00e9e de la coloration classique au trichrome de Masson, particuli\u00e8rement adapt\u00e9e \u00e0 l&rsquo;histologie des os et des tissus mous, par exemple en orthop\u00e9die, en pathologie et en toxicologie.<\/p>\n","protected":false},"featured_media":3717,"comment_status":"closed","ping_status":"closed","template":"","meta":{"_acf_changed":false},"product_brand":[],"product_cat":[113,146,653],"product_tag":[666,667,668],"class_list":{"0":"post-4728","1":"product","2":"type-product","3":"status-publish","4":"has-post-thumbnail","6":"product_cat-consommables","7":"product_cat-coloration-recouvrement","8":"product_cat-reactifs-de-coloration","9":"product_tag-masson","10":"product_tag-masson-trichrome","11":"product_tag-masson-trichrome-goldner","13":"first","14":"instock","15":"shipping-taxable","16":"product-type-simple"},"acf":[],"_links":{"self":[{"href":"https:\/\/pathotec.ch\/fr\/wp-json\/wp\/v2\/product\/4728","targetHints":{"allow":["GET"]}}],"collection":[{"href":"https:\/\/pathotec.ch\/fr\/wp-json\/wp\/v2\/product"}],"about":[{"href":"https:\/\/pathotec.ch\/fr\/wp-json\/wp\/v2\/types\/product"}],"replies":[{"embeddable":true,"href":"https:\/\/pathotec.ch\/fr\/wp-json\/wp\/v2\/comments?post=4728"}],"wp:featuredmedia":[{"embeddable":true,"href":"https:\/\/pathotec.ch\/fr\/wp-json\/wp\/v2\/media\/3717"}],"wp:attachment":[{"href":"https:\/\/pathotec.ch\/fr\/wp-json\/wp\/v2\/media?parent=4728"}],"wp:term":[{"taxonomy":"product_brand","embeddable":true,"href":"https:\/\/pathotec.ch\/fr\/wp-json\/wp\/v2\/product_brand?post=4728"},{"taxonomy":"product_cat","embeddable":true,"href":"https:\/\/pathotec.ch\/fr\/wp-json\/wp\/v2\/product_cat?post=4728"},{"taxonomy":"product_tag","embeddable":true,"href":"https:\/\/pathotec.ch\/fr\/wp-json\/wp\/v2\/product_tag?post=4728"}],"curies":[{"name":"wp","href":"https:\/\/api.w.org\/{rel}","templated":true}]}}