{"id":4727,"date":"2025-05-26T21:16:50","date_gmt":"2025-05-26T19:16:50","guid":{"rendered":"https:\/\/pathotec.ch\/produkt\/alcian-blue-ph-2-5-p-a-s\/"},"modified":"2025-05-26T21:16:50","modified_gmt":"2025-05-26T19:16:50","slug":"alcian-blue-ph-2-5-p-a-s","status":"publish","type":"product","link":"https:\/\/pathotec.ch\/fr\/produkt\/alcian-blue-ph-2-5-p-a-s\/","title":{"rendered":"ALCIAN BLUE pH 2.5 P.A.S."},"excerpt":{"rendered":"<p>Le bleu Alcian pH 2.5 P.A.S. est un kit de coloration pr\u00eat \u00e0 l&#8217;emploi. La coloration Alcian Blue pH 2.5 &#8211; PAS est une coloration histochimique en deux \u00e9tapes qui permet de diff\u00e9rencier les mucopolysaccharides (mucines) acides et neutres. Elle est particuli\u00e8rement utilis\u00e9e en pathologie gastro-intestinale, en histologie bronchique, en gyn\u00e9cologie et pour le diagnostic de tumeurs.  <\/p>\n","protected":false},"featured_media":4338,"comment_status":"closed","ping_status":"closed","template":"","meta":{"_acf_changed":false},"product_brand":[],"product_cat":[113,146],"product_tag":[663,662],"class_list":{"0":"post-4727","1":"product","2":"type-product","3":"status-publish","4":"has-post-thumbnail","6":"product_cat-consommables","7":"product_cat-coloration-recouvrement","8":"product_tag-alcian","9":"product_tag-alcian-blue","11":"first","12":"instock","13":"shipping-taxable","14":"product-type-simple"},"acf":[],"_links":{"self":[{"href":"https:\/\/pathotec.ch\/fr\/wp-json\/wp\/v2\/product\/4727","targetHints":{"allow":["GET"]}}],"collection":[{"href":"https:\/\/pathotec.ch\/fr\/wp-json\/wp\/v2\/product"}],"about":[{"href":"https:\/\/pathotec.ch\/fr\/wp-json\/wp\/v2\/types\/product"}],"replies":[{"embeddable":true,"href":"https:\/\/pathotec.ch\/fr\/wp-json\/wp\/v2\/comments?post=4727"}],"wp:featuredmedia":[{"embeddable":true,"href":"https:\/\/pathotec.ch\/fr\/wp-json\/wp\/v2\/media\/4338"}],"wp:attachment":[{"href":"https:\/\/pathotec.ch\/fr\/wp-json\/wp\/v2\/media?parent=4727"}],"wp:term":[{"taxonomy":"product_brand","embeddable":true,"href":"https:\/\/pathotec.ch\/fr\/wp-json\/wp\/v2\/product_brand?post=4727"},{"taxonomy":"product_cat","embeddable":true,"href":"https:\/\/pathotec.ch\/fr\/wp-json\/wp\/v2\/product_cat?post=4727"},{"taxonomy":"product_tag","embeddable":true,"href":"https:\/\/pathotec.ch\/fr\/wp-json\/wp\/v2\/product_tag?post=4727"}],"curies":[{"name":"wp","href":"https:\/\/api.w.org\/{rel}","templated":true}]}}