{"id":4725,"date":"2025-05-26T21:14:07","date_gmt":"2025-05-26T19:14:07","guid":{"rendered":"https:\/\/pathotec.ch\/produkt\/alcian-blue-ph-2-5\/"},"modified":"2026-01-20T10:38:31","modified_gmt":"2026-01-20T09:38:31","slug":"alcian-blue-ph-2-5","status":"publish","type":"product","link":"https:\/\/pathotec.ch\/fr\/produkt\/alcian-blue-ph-2-5\/","title":{"rendered":"ALCIAN BLUE pH 2.5"},"excerpt":{"rendered":"<p>Bleu Alcian pH 2,5 est un kit de coloration pr\u00eat \u00e0 l&#8217;emploi pour la coloration des mucopolysaccharides acides dans les coupes de tissus. Alcian Blue pH 2,5 est une coloration histochimique sp\u00e9cifique pour la d\u00e9tection des mucopolysaccharides acides (par ex. mucines, acide hyaluronique, sulfates de chondro\u00eftine) dans les tissus. Elle est souvent utilis\u00e9e en pathologie gastro-intestinale, respiratoire et tumorale pour diff\u00e9rencier les types de mucus ou les composants de la matrice extracellulaire.  <\/p>\n","protected":false},"featured_media":4342,"comment_status":"closed","ping_status":"closed","template":"","meta":{"_acf_changed":false},"product_brand":[],"product_cat":[113,146],"product_tag":[663,662],"class_list":{"0":"post-4725","1":"product","2":"type-product","3":"status-publish","4":"has-post-thumbnail","6":"product_cat-consommables","7":"product_cat-coloration-recouvrement","8":"product_tag-alcian","9":"product_tag-alcian-blue","11":"first","12":"instock","13":"shipping-taxable","14":"product-type-simple"},"acf":[],"_links":{"self":[{"href":"https:\/\/pathotec.ch\/fr\/wp-json\/wp\/v2\/product\/4725","targetHints":{"allow":["GET"]}}],"collection":[{"href":"https:\/\/pathotec.ch\/fr\/wp-json\/wp\/v2\/product"}],"about":[{"href":"https:\/\/pathotec.ch\/fr\/wp-json\/wp\/v2\/types\/product"}],"replies":[{"embeddable":true,"href":"https:\/\/pathotec.ch\/fr\/wp-json\/wp\/v2\/comments?post=4725"}],"wp:featuredmedia":[{"embeddable":true,"href":"https:\/\/pathotec.ch\/fr\/wp-json\/wp\/v2\/media\/4342"}],"wp:attachment":[{"href":"https:\/\/pathotec.ch\/fr\/wp-json\/wp\/v2\/media?parent=4725"}],"wp:term":[{"taxonomy":"product_brand","embeddable":true,"href":"https:\/\/pathotec.ch\/fr\/wp-json\/wp\/v2\/product_brand?post=4725"},{"taxonomy":"product_cat","embeddable":true,"href":"https:\/\/pathotec.ch\/fr\/wp-json\/wp\/v2\/product_cat?post=4725"},{"taxonomy":"product_tag","embeddable":true,"href":"https:\/\/pathotec.ch\/fr\/wp-json\/wp\/v2\/product_tag?post=4725"}],"curies":[{"name":"wp","href":"https:\/\/api.w.org\/{rel}","templated":true}]}}