{"id":4724,"date":"2025-05-26T21:19:11","date_gmt":"2025-05-26T19:19:11","guid":{"rendered":"https:\/\/pathotec.ch\/produkt\/p-a-s\/"},"modified":"2025-05-26T21:19:11","modified_gmt":"2025-05-26T19:19:11","slug":"p-a-s","status":"publish","type":"product","link":"https:\/\/pathotec.ch\/fr\/produkt\/p-a-s\/","title":{"rendered":"P.A.S."},"excerpt":{"rendered":"<p>La coloration P.A.S. est une coloration histochimique sp\u00e9ciale permettant de d\u00e9tecter les polysaccharides (surtout le glycog\u00e8ne), les glycoprot\u00e9ines, les glycolipides et les structures de type membrane basale dans les tissus. Elle est l&rsquo;une des principales m\u00e9thodes de visualisation des structures sucr\u00e9es et est largement utilis\u00e9e en histologie, cytologie et pathologie. <\/p>\n","protected":false},"featured_media":3729,"comment_status":"closed","ping_status":"closed","template":"","meta":{"_acf_changed":false},"product_brand":[],"product_cat":[113,146,653],"product_tag":[660,661,659],"class_list":{"0":"post-4724","1":"product","2":"type-product","3":"status-publish","4":"has-post-thumbnail","6":"product_cat-consommables","7":"product_cat-coloration-recouvrement","8":"product_cat-reactifs-de-coloration","9":"product_tag-coloration","10":"product_tag-p-a-s","11":"product_tag-pas","13":"first","14":"instock","15":"shipping-taxable","16":"product-type-simple"},"acf":[],"_links":{"self":[{"href":"https:\/\/pathotec.ch\/fr\/wp-json\/wp\/v2\/product\/4724","targetHints":{"allow":["GET"]}}],"collection":[{"href":"https:\/\/pathotec.ch\/fr\/wp-json\/wp\/v2\/product"}],"about":[{"href":"https:\/\/pathotec.ch\/fr\/wp-json\/wp\/v2\/types\/product"}],"replies":[{"embeddable":true,"href":"https:\/\/pathotec.ch\/fr\/wp-json\/wp\/v2\/comments?post=4724"}],"wp:featuredmedia":[{"embeddable":true,"href":"https:\/\/pathotec.ch\/fr\/wp-json\/wp\/v2\/media\/3729"}],"wp:attachment":[{"href":"https:\/\/pathotec.ch\/fr\/wp-json\/wp\/v2\/media?parent=4724"}],"wp:term":[{"taxonomy":"product_brand","embeddable":true,"href":"https:\/\/pathotec.ch\/fr\/wp-json\/wp\/v2\/product_brand?post=4724"},{"taxonomy":"product_cat","embeddable":true,"href":"https:\/\/pathotec.ch\/fr\/wp-json\/wp\/v2\/product_cat?post=4724"},{"taxonomy":"product_tag","embeddable":true,"href":"https:\/\/pathotec.ch\/fr\/wp-json\/wp\/v2\/product_tag?post=4724"}],"curies":[{"name":"wp","href":"https:\/\/api.w.org\/{rel}","templated":true}]}}