{"id":4721,"date":"2025-05-26T20:52:42","date_gmt":"2025-05-26T18:52:42","guid":{"rendered":"https:\/\/pathotec.ch\/produkt\/couleur-argent\/"},"modified":"2025-05-26T20:52:42","modified_gmt":"2025-05-26T18:52:42","slug":"couleur-argent","status":"publish","type":"product","link":"https:\/\/pathotec.ch\/fr\/produkt\/couleur-argent\/","title":{"rendered":"COULEUR ARGENT"},"excerpt":{"rendered":"<p>L&rsquo;impr\u00e9gnation argent\u00e9e est un kit de coloration pr\u00eat \u00e0 l&#8217;emploi utilis\u00e9 pour identifier et faciliter la d\u00e9tection des fibres r\u00e9ticulaires \u00e0 affinit\u00e9 argent\u00e9e dans le tissu conjonctif.<\/p>\n","protected":false},"featured_media":4354,"comment_status":"closed","ping_status":"closed","template":"","meta":{"_acf_changed":false},"product_brand":[],"product_cat":[113,146,653],"product_tag":[656,654,655],"class_list":{"0":"post-4721","1":"product","2":"type-product","3":"status-publish","4":"has-post-thumbnail","6":"product_cat-consommables","7":"product_cat-coloration-recouvrement","8":"product_cat-reactifs-de-coloration","9":"product_tag-argent-stain","10":"product_tag-coloration-argentee","11":"product_tag-kit-argent","13":"first","14":"instock","15":"shipping-taxable","16":"product-type-simple"},"acf":[],"_links":{"self":[{"href":"https:\/\/pathotec.ch\/fr\/wp-json\/wp\/v2\/product\/4721","targetHints":{"allow":["GET"]}}],"collection":[{"href":"https:\/\/pathotec.ch\/fr\/wp-json\/wp\/v2\/product"}],"about":[{"href":"https:\/\/pathotec.ch\/fr\/wp-json\/wp\/v2\/types\/product"}],"replies":[{"embeddable":true,"href":"https:\/\/pathotec.ch\/fr\/wp-json\/wp\/v2\/comments?post=4721"}],"wp:featuredmedia":[{"embeddable":true,"href":"https:\/\/pathotec.ch\/fr\/wp-json\/wp\/v2\/media\/4354"}],"wp:attachment":[{"href":"https:\/\/pathotec.ch\/fr\/wp-json\/wp\/v2\/media?parent=4721"}],"wp:term":[{"taxonomy":"product_brand","embeddable":true,"href":"https:\/\/pathotec.ch\/fr\/wp-json\/wp\/v2\/product_brand?post=4721"},{"taxonomy":"product_cat","embeddable":true,"href":"https:\/\/pathotec.ch\/fr\/wp-json\/wp\/v2\/product_cat?post=4721"},{"taxonomy":"product_tag","embeddable":true,"href":"https:\/\/pathotec.ch\/fr\/wp-json\/wp\/v2\/product_tag?post=4721"}],"curies":[{"name":"wp","href":"https:\/\/api.w.org\/{rel}","templated":true}]}}