{"id":4720,"date":"2025-10-09T17:00:27","date_gmt":"2025-10-09T15:00:27","guid":{"rendered":"https:\/\/pathotec.ch\/produkt\/embedded-cassette-em-120\/"},"modified":"2025-10-09T17:00:27","modified_gmt":"2025-10-09T15:00:27","slug":"embedded-cassette-em-120","status":"publish","type":"product","link":"https:\/\/pathotec.ch\/fr\/produkt\/embedded-cassette-em-120\/","title":{"rendered":"EMBEDDED CASSETTE EM 120"},"excerpt":{"rendered":"<p>La conception en deux parties facilite l&rsquo;insertion et la fixation du couvercle pour le verrouiller en toute s\u00e9curit\u00e9 dans la cassette, permet une ouverture et une fermeture plus fr\u00e9quentes du couvercle et un retrait et une insertion faciles et s\u00fbrs du couvercle de et dans la cassette, sans risque de perte d&rsquo;\u00e9chantillon. La conception unique de la languette mont\u00e9e \u00e0 l&rsquo;arri\u00e8re permet une zone de marquage avant discr\u00e8te, et la m\u00e9thode d&rsquo;ouverture alternative favorise l&rsquo;identification simultan\u00e9e des \u00e9chantillons et la lecture des informations relatives aux \u00e9chantillons. <\/p>\n","protected":false},"featured_media":4286,"comment_status":"closed","ping_status":"closed","template":"","meta":{"_acf_changed":false},"product_brand":[],"product_cat":[113,651,123],"product_tag":[],"class_list":{"0":"post-4720","1":"product","2":"type-product","3":"status-publish","4":"has-post-thumbnail","6":"product_cat-consommables","7":"product_cat-cassettes","8":"product_cat-reception-dechantillons-macroscopie-fr","10":"first","11":"instock","12":"shipping-taxable","13":"product-type-simple"},"acf":[],"_links":{"self":[{"href":"https:\/\/pathotec.ch\/fr\/wp-json\/wp\/v2\/product\/4720","targetHints":{"allow":["GET"]}}],"collection":[{"href":"https:\/\/pathotec.ch\/fr\/wp-json\/wp\/v2\/product"}],"about":[{"href":"https:\/\/pathotec.ch\/fr\/wp-json\/wp\/v2\/types\/product"}],"replies":[{"embeddable":true,"href":"https:\/\/pathotec.ch\/fr\/wp-json\/wp\/v2\/comments?post=4720"}],"wp:featuredmedia":[{"embeddable":true,"href":"https:\/\/pathotec.ch\/fr\/wp-json\/wp\/v2\/media\/4286"}],"wp:attachment":[{"href":"https:\/\/pathotec.ch\/fr\/wp-json\/wp\/v2\/media?parent=4720"}],"wp:term":[{"taxonomy":"product_brand","embeddable":true,"href":"https:\/\/pathotec.ch\/fr\/wp-json\/wp\/v2\/product_brand?post=4720"},{"taxonomy":"product_cat","embeddable":true,"href":"https:\/\/pathotec.ch\/fr\/wp-json\/wp\/v2\/product_cat?post=4720"},{"taxonomy":"product_tag","embeddable":true,"href":"https:\/\/pathotec.ch\/fr\/wp-json\/wp\/v2\/product_tag?post=4720"}],"curies":[{"name":"wp","href":"https:\/\/api.w.org\/{rel}","templated":true}]}}