{"id":4715,"date":"2025-10-17T14:12:35","date_gmt":"2025-10-17T12:12:35","guid":{"rendered":"https:\/\/pathotec.ch\/produkt\/sma-antibody\/"},"modified":"2025-10-17T14:12:35","modified_gmt":"2025-10-17T12:12:35","slug":"sma-antibody","status":"publish","type":"product","link":"https:\/\/pathotec.ch\/fr\/produkt\/sma-antibody\/","title":{"rendered":"SMA ANTIBODY"},"excerpt":{"rendered":"<p>Les prot\u00e9ines d&rsquo;actine sont des composants majeurs du cytosquelette eucaryote. Au moins six isoformes d&rsquo;actine de vert\u00e9br\u00e9s ont \u00e9t\u00e9 identifi\u00e9es. Les prot\u00e9ines d&rsquo;actine \u03b2 et \u03b3 cytoplasmiques sont appel\u00e9es prot\u00e9ines d&rsquo;actine \u00ab\u00a0non-musculaires\u00a0\u00bb car elles sont principalement exprim\u00e9es dans les cellules non-musculaires, o\u00f9 elles contr\u00f4lent la structure et la motilit\u00e9 cellulaires. Les prot\u00e9ines d&rsquo;actine \u03b1-cardiaques et \u03b1-squelettiques sont exprim\u00e9es dans les muscles stri\u00e9s cardiaques et squelettiques. Les prot\u00e9ines \u03b1-actine et \u03b3-actine des muscles lisses se trouvent principalement dans les muscles lisses vasculaires et les muscles lisses ent\u00e9riques, respectivement. L&rsquo;\u03b1-actine musculaire lisse (ACTA2) est \u00e9galement connue sous le nom d&rsquo;actine musculaire lisse aortique. Ces isoformes d&rsquo;actine r\u00e9gulent le potentiel contractile.      <\/p>\n","protected":false},"featured_media":4429,"comment_status":"closed","ping_status":"closed","template":"","meta":{"_acf_changed":false},"product_brand":[],"product_cat":[113,420,148],"product_tag":[460,640,639],"class_list":{"0":"post-4715","1":"product","2":"type-product","3":"status-publish","4":"has-post-thumbnail","6":"product_cat-consommables","7":"product_cat-antibody","8":"product_cat-immunohistochimie-fr","9":"product_tag-antibody","10":"product_tag-sma","11":"product_tag-sma-antibody","13":"first","14":"instock","15":"shipping-taxable","16":"product-type-simple"},"acf":[],"_links":{"self":[{"href":"https:\/\/pathotec.ch\/fr\/wp-json\/wp\/v2\/product\/4715","targetHints":{"allow":["GET"]}}],"collection":[{"href":"https:\/\/pathotec.ch\/fr\/wp-json\/wp\/v2\/product"}],"about":[{"href":"https:\/\/pathotec.ch\/fr\/wp-json\/wp\/v2\/types\/product"}],"replies":[{"embeddable":true,"href":"https:\/\/pathotec.ch\/fr\/wp-json\/wp\/v2\/comments?post=4715"}],"wp:featuredmedia":[{"embeddable":true,"href":"https:\/\/pathotec.ch\/fr\/wp-json\/wp\/v2\/media\/4429"}],"wp:attachment":[{"href":"https:\/\/pathotec.ch\/fr\/wp-json\/wp\/v2\/media?parent=4715"}],"wp:term":[{"taxonomy":"product_brand","embeddable":true,"href":"https:\/\/pathotec.ch\/fr\/wp-json\/wp\/v2\/product_brand?post=4715"},{"taxonomy":"product_cat","embeddable":true,"href":"https:\/\/pathotec.ch\/fr\/wp-json\/wp\/v2\/product_cat?post=4715"},{"taxonomy":"product_tag","embeddable":true,"href":"https:\/\/pathotec.ch\/fr\/wp-json\/wp\/v2\/product_tag?post=4715"}],"curies":[{"name":"wp","href":"https:\/\/api.w.org\/{rel}","templated":true}]}}