{"id":4713,"date":"2025-10-16T16:53:11","date_gmt":"2025-10-16T14:53:11","guid":{"rendered":"https:\/\/pathotec.ch\/produkt\/cd31-antibody\/"},"modified":"2026-01-20T10:38:12","modified_gmt":"2026-01-20T09:38:12","slug":"cd31-antibody","status":"publish","type":"product","link":"https:\/\/pathotec.ch\/fr\/produkt\/cd31-antibody\/","title":{"rendered":"CD31 ANTIBODY"},"excerpt":{"rendered":"<p>Le CD31 est exprim\u00e9 par les cellules souches du syst\u00e8me h\u00e9matopo\u00ef\u00e9tique et est principalement utilis\u00e9 pour identifier et concentrer ces cellules pour des \u00e9tudes exp\u00e9rimentales et des greffes de moelle osseuse. Les cellules endoth\u00e9liales expriment \u00e9galement ce marqueur ; par cons\u00e9quent, les anticorps anti-CD31 ont \u00e9t\u00e9 utilis\u00e9s comme outil pour identifier l&rsquo;origine vasculaire des n\u00e9oplasies.1-3 L&rsquo;anti-CD31 s&rsquo;est av\u00e9r\u00e9 hautement sp\u00e9cifique et sensible aux cellules endoth\u00e9liales vasculaires.4 Aucune coloration des tumeurs non vasculaires (\u00e0 l&rsquo;exception des n\u00e9oplasies h\u00e9matopo\u00ef\u00e9tiques) n&rsquo;a \u00e9t\u00e9 observ\u00e9e.  <\/p>\n","protected":false},"featured_media":4417,"comment_status":"closed","ping_status":"closed","template":"","meta":{"_acf_changed":false},"product_brand":[],"product_cat":[113,420,148],"product_tag":[460,638,637],"class_list":{"0":"post-4713","1":"product","2":"type-product","3":"status-publish","4":"has-post-thumbnail","6":"product_cat-consommables","7":"product_cat-antibody","8":"product_cat-immunohistochimie-fr","9":"product_tag-antibody","10":"product_tag-cd31","11":"product_tag-cd31-antibody","13":"first","14":"instock","15":"shipping-taxable","16":"product-type-simple"},"acf":[],"_links":{"self":[{"href":"https:\/\/pathotec.ch\/fr\/wp-json\/wp\/v2\/product\/4713","targetHints":{"allow":["GET"]}}],"collection":[{"href":"https:\/\/pathotec.ch\/fr\/wp-json\/wp\/v2\/product"}],"about":[{"href":"https:\/\/pathotec.ch\/fr\/wp-json\/wp\/v2\/types\/product"}],"replies":[{"embeddable":true,"href":"https:\/\/pathotec.ch\/fr\/wp-json\/wp\/v2\/comments?post=4713"}],"wp:featuredmedia":[{"embeddable":true,"href":"https:\/\/pathotec.ch\/fr\/wp-json\/wp\/v2\/media\/4417"}],"wp:attachment":[{"href":"https:\/\/pathotec.ch\/fr\/wp-json\/wp\/v2\/media?parent=4713"}],"wp:term":[{"taxonomy":"product_brand","embeddable":true,"href":"https:\/\/pathotec.ch\/fr\/wp-json\/wp\/v2\/product_brand?post=4713"},{"taxonomy":"product_cat","embeddable":true,"href":"https:\/\/pathotec.ch\/fr\/wp-json\/wp\/v2\/product_cat?post=4713"},{"taxonomy":"product_tag","embeddable":true,"href":"https:\/\/pathotec.ch\/fr\/wp-json\/wp\/v2\/product_tag?post=4713"}],"curies":[{"name":"wp","href":"https:\/\/api.w.org\/{rel}","templated":true}]}}