{"id":4711,"date":"2025-10-17T13:54:12","date_gmt":"2025-10-17T11:54:12","guid":{"rendered":"https:\/\/pathotec.ch\/produkt\/cd34-antibody\/"},"modified":"2025-10-17T13:54:12","modified_gmt":"2025-10-17T11:54:12","slug":"cd34-antibody","status":"publish","type":"product","link":"https:\/\/pathotec.ch\/fr\/produkt\/cd34-antibody\/","title":{"rendered":"CD34 ANTIBODY"},"excerpt":{"rendered":"<p>CD34 est une glycophosphoprot\u00e9ine de surface cellulaire exprim\u00e9e sur les cellules prog\u00e9nitrices h\u00e9matopo\u00ef\u00e9tiques humaines et peut \u00eatre utilis\u00e9e pour identifier les blastes. CD34 est un marqueur des cellules endoth\u00e9liales vasculaires et s&rsquo;est r\u00e9v\u00e9l\u00e9 tr\u00e8s sensible aux angiosarcomes et aux sarcomes de Kaposi dans la litt\u00e9rature. En outre, CD34 est exprim\u00e9 dans les tumeurs des tissus mous telles que les tumeurs stromales gastro-intestinales (GIST). Il est \u00e9galement utilis\u00e9 pour diff\u00e9rencier les tumeurs fibreuses solitaires, le dermatofibrosarcome protub\u00e9rant et les tumeurs phyllodes malignes du sein.   <\/p>\n","protected":false},"featured_media":4421,"comment_status":"closed","ping_status":"closed","template":"","meta":{"_acf_changed":false},"product_brand":[],"product_cat":[113,420,148],"product_tag":[460,633,635],"class_list":{"0":"post-4711","1":"product","2":"type-product","3":"status-publish","4":"has-post-thumbnail","6":"product_cat-consommables","7":"product_cat-antibody","8":"product_cat-immunohistochimie-fr","9":"product_tag-antibody","10":"product_tag-antibody-cd34","11":"product_tag-cd34","13":"first","14":"instock","15":"shipping-taxable","16":"product-type-simple"},"acf":[],"_links":{"self":[{"href":"https:\/\/pathotec.ch\/fr\/wp-json\/wp\/v2\/product\/4711","targetHints":{"allow":["GET"]}}],"collection":[{"href":"https:\/\/pathotec.ch\/fr\/wp-json\/wp\/v2\/product"}],"about":[{"href":"https:\/\/pathotec.ch\/fr\/wp-json\/wp\/v2\/types\/product"}],"replies":[{"embeddable":true,"href":"https:\/\/pathotec.ch\/fr\/wp-json\/wp\/v2\/comments?post=4711"}],"wp:featuredmedia":[{"embeddable":true,"href":"https:\/\/pathotec.ch\/fr\/wp-json\/wp\/v2\/media\/4421"}],"wp:attachment":[{"href":"https:\/\/pathotec.ch\/fr\/wp-json\/wp\/v2\/media?parent=4711"}],"wp:term":[{"taxonomy":"product_brand","embeddable":true,"href":"https:\/\/pathotec.ch\/fr\/wp-json\/wp\/v2\/product_brand?post=4711"},{"taxonomy":"product_cat","embeddable":true,"href":"https:\/\/pathotec.ch\/fr\/wp-json\/wp\/v2\/product_cat?post=4711"},{"taxonomy":"product_tag","embeddable":true,"href":"https:\/\/pathotec.ch\/fr\/wp-json\/wp\/v2\/product_tag?post=4711"}],"curies":[{"name":"wp","href":"https:\/\/api.w.org\/{rel}","templated":true}]}}