{"id":4709,"date":"2025-09-12T15:08:49","date_gmt":"2025-09-12T13:08:49","guid":{"rendered":"https:\/\/pathotec.ch\/produkt\/imprimante-laser-a-cartouche-kf-ue-006\/"},"modified":"2026-01-20T10:38:17","modified_gmt":"2026-01-20T09:38:17","slug":"imprimante-laser-a-cartouche-kf-ue-006","status":"publish","type":"product","link":"https:\/\/pathotec.ch\/fr\/produkt\/imprimante-laser-a-cartouche-kf-ue-006\/","title":{"rendered":"IMPRIMANTE LASER \u00c0 CARTOUCHE KF-UE-006"},"excerpt":{"rendered":"<p>La <strong data-start=\"232\" data-end=\"245\">KF-UE-006<\/strong> est une imprimante laser UV haute performance pour le marquage rapide, pr\u00e9cis et permanent des cassettes d&rsquo;enrobage (Cassettes) dans les laboratoires de pathologie. Gr\u00e2ce \u00e0 sa technologie robuste, elle s&rsquo;int\u00e8gre parfaitement aux processus de laboratoire existants et prend en charge les op\u00e9rations en ligne et hors ligne. <\/p>\n","protected":false},"featured_media":4084,"comment_status":"closed","ping_status":"closed","template":"","meta":{"_acf_changed":false},"product_brand":[],"product_cat":[87,425,89],"product_tag":[],"class_list":{"0":"post-4709","1":"product","2":"type-product","3":"status-publish","4":"has-post-thumbnail","6":"product_cat-equipment-fr","7":"product_cat-kassettendrucker","8":"product_cat-reception-dechantillons-macroscopie","10":"first","11":"instock","12":"featured","13":"taxable","14":"shipping-taxable","15":"product-type-simple"},"acf":[],"_links":{"self":[{"href":"https:\/\/pathotec.ch\/fr\/wp-json\/wp\/v2\/product\/4709","targetHints":{"allow":["GET"]}}],"collection":[{"href":"https:\/\/pathotec.ch\/fr\/wp-json\/wp\/v2\/product"}],"about":[{"href":"https:\/\/pathotec.ch\/fr\/wp-json\/wp\/v2\/types\/product"}],"replies":[{"embeddable":true,"href":"https:\/\/pathotec.ch\/fr\/wp-json\/wp\/v2\/comments?post=4709"}],"wp:featuredmedia":[{"embeddable":true,"href":"https:\/\/pathotec.ch\/fr\/wp-json\/wp\/v2\/media\/4084"}],"wp:attachment":[{"href":"https:\/\/pathotec.ch\/fr\/wp-json\/wp\/v2\/media?parent=4709"}],"wp:term":[{"taxonomy":"product_brand","embeddable":true,"href":"https:\/\/pathotec.ch\/fr\/wp-json\/wp\/v2\/product_brand?post=4709"},{"taxonomy":"product_cat","embeddable":true,"href":"https:\/\/pathotec.ch\/fr\/wp-json\/wp\/v2\/product_cat?post=4709"},{"taxonomy":"product_tag","embeddable":true,"href":"https:\/\/pathotec.ch\/fr\/wp-json\/wp\/v2\/product_tag?post=4709"}],"curies":[{"name":"wp","href":"https:\/\/api.w.org\/{rel}","templated":true}]}}