{"id":4707,"date":"2025-10-01T15:57:08","date_gmt":"2025-10-01T13:57:08","guid":{"rendered":"https:\/\/pathotec.ch\/produkt\/coussin-de-mousse-biopsy\/"},"modified":"2025-10-01T15:57:08","modified_gmt":"2025-10-01T13:57:08","slug":"coussin-de-mousse-biopsy","status":"publish","type":"product","link":"https:\/\/pathotec.ch\/fr\/produkt\/coussin-de-mousse-biopsy\/","title":{"rendered":"COUSSIN DE MOUSSE BIOPSY"},"excerpt":{"rendered":"<p>Les \u00e9ponges \u00e0 biopsie s&rsquo;adaptent \u00e0 toutes les cassettes r\u00e9guli\u00e8res pour prot\u00e9ger les plus petits \u00e9chantillons de biopsie pendant le processus. Fabriqu\u00e9es en mousse PU. <\/p>\n","protected":false},"featured_media":4120,"comment_status":"closed","ping_status":"closed","template":"","meta":{"_acf_changed":false},"product_brand":[],"product_cat":[113,123,631],"product_tag":[],"class_list":{"0":"post-4707","1":"product","2":"type-product","3":"status-publish","4":"has-post-thumbnail","6":"product_cat-consommables","7":"product_cat-reception-dechantillons-macroscopie-fr","8":"product_cat-mousse-de-biopsie","10":"first","11":"instock","12":"shipping-taxable","13":"product-type-simple"},"acf":[],"_links":{"self":[{"href":"https:\/\/pathotec.ch\/fr\/wp-json\/wp\/v2\/product\/4707","targetHints":{"allow":["GET"]}}],"collection":[{"href":"https:\/\/pathotec.ch\/fr\/wp-json\/wp\/v2\/product"}],"about":[{"href":"https:\/\/pathotec.ch\/fr\/wp-json\/wp\/v2\/types\/product"}],"replies":[{"embeddable":true,"href":"https:\/\/pathotec.ch\/fr\/wp-json\/wp\/v2\/comments?post=4707"}],"wp:featuredmedia":[{"embeddable":true,"href":"https:\/\/pathotec.ch\/fr\/wp-json\/wp\/v2\/media\/4120"}],"wp:attachment":[{"href":"https:\/\/pathotec.ch\/fr\/wp-json\/wp\/v2\/media?parent=4707"}],"wp:term":[{"taxonomy":"product_brand","embeddable":true,"href":"https:\/\/pathotec.ch\/fr\/wp-json\/wp\/v2\/product_brand?post=4707"},{"taxonomy":"product_cat","embeddable":true,"href":"https:\/\/pathotec.ch\/fr\/wp-json\/wp\/v2\/product_cat?post=4707"},{"taxonomy":"product_tag","embeddable":true,"href":"https:\/\/pathotec.ch\/fr\/wp-json\/wp\/v2\/product_tag?post=4707"}],"curies":[{"name":"wp","href":"https:\/\/api.w.org\/{rel}","templated":true}]}}