{"id":4702,"date":"2025-10-16T15:52:29","date_gmt":"2025-10-16T13:52:29","guid":{"rendered":"https:\/\/pathotec.ch\/produkt\/anticorps-anti-cytokeratine-pan\/"},"modified":"2026-01-20T10:37:56","modified_gmt":"2026-01-20T09:37:56","slug":"anticorps-anti-cytokeratine-pan","status":"publish","type":"product","link":"https:\/\/pathotec.ch\/fr\/produkt\/anticorps-anti-cytokeratine-pan\/","title":{"rendered":"ANTICORPS ANTI-CYTOK\u00c9RATINE (PAN)"},"excerpt":{"rendered":"<div class=\"prose text-pretty dark:prose-invert inline leading-relaxed break-words min-w-0 [word-break:break-word] prose-strong:font-medium\">\n<p class=\"my-2 [&amp;+p]:mt-4 [&amp;_strong:has(+br)]:inline-block [&amp;_strong:has(+br)]:pb-2\">Les cytok\u00e9ratines sont des prot\u00e9ines filamenteuses interm\u00e9diaires exprim\u00e9es dans les cellules \u00e9pith\u00e9liales. Leur taille varie d&rsquo;environ 40 \u00e0 68 kDa. La famille comprend 20 polypeptides, divis\u00e9s en type I (CK9-CK20, polypeptides acides, plus petits) et type II (CK1-CK8, polypeptides basiques ou neutres, plus grands). Les cytok\u00e9ratines ont une structure de base commune avec quatre domaines conserv\u00e9s et forment des filaments interm\u00e9diaires d&rsquo;environ 10 nm de diam\u00e8tre par dim\u00e9risation et t\u00e9tram\u00e8res. Elles sont exprim\u00e9es en paires de type I et II, par exemple CK10 avec CK1 .    <\/p>\n<p class=\"my-2 [&amp;+p]:mt-4 [&amp;_strong:has(+br)]:inline-block [&amp;_strong:has(+br)]:pb-2\">Les cellules \u00e9pith\u00e9liales utilisent diff\u00e9rents sous-types de cytok\u00e9ratines pour la classification et le diagnostic. Les cytok\u00e9ratines sont importantes pour la stabilit\u00e9 cellulaire, l&rsquo;int\u00e9grit\u00e9 et les voies de signalisation telles que la cicatrisation et l&rsquo;apoptose. Elles servent de marqueurs tumoraux immunohistochimiques ; les anticorps pan-cytok\u00e9ratines reconnaissent plusieurs sous-types.  <\/p>\n<p class=\"my-2 [&amp;+p]:mt-4 [&amp;_strong:has(+br)]:inline-block [&amp;_strong:has(+br)]:pb-2\">Des mutations dans les cytok\u00e9ratines provoquent des maladies telles que l&rsquo;\u00e9pidermolyse bulleuse simplexe (EBS), une maladie autosomique dominante due \u00e0 des mutations dans CK5 ou CK14 . D&rsquo;autres maladies sont l&rsquo;ichtyose bulleuse et la k\u00e9ratodermie \u00e9pidermolytique palmoplantaire (EPPK), qui se caract\u00e9rise par des l\u00e9sions cutan\u00e9es. <\/p>\n<\/div>\n","protected":false},"featured_media":4388,"comment_status":"closed","ping_status":"closed","template":"","meta":{"_acf_changed":false},"product_brand":[],"product_cat":[113,420,148],"product_tag":[622,460,621,536,623],"class_list":{"0":"post-4702","1":"product","2":"type-product","3":"status-publish","4":"has-post-thumbnail","6":"product_cat-consommables","7":"product_cat-antibody","8":"product_cat-immunohistochimie-fr","9":"product_tag-pan-antibody","10":"product_tag-antibody","11":"product_tag-antibody-de-cytokeratine-pan","12":"product_tag-cytokeratine","13":"product_tag-cytokeratine-pan","15":"first","16":"instock","17":"shipping-taxable","18":"product-type-simple"},"acf":[],"_links":{"self":[{"href":"https:\/\/pathotec.ch\/fr\/wp-json\/wp\/v2\/product\/4702","targetHints":{"allow":["GET"]}}],"collection":[{"href":"https:\/\/pathotec.ch\/fr\/wp-json\/wp\/v2\/product"}],"about":[{"href":"https:\/\/pathotec.ch\/fr\/wp-json\/wp\/v2\/types\/product"}],"replies":[{"embeddable":true,"href":"https:\/\/pathotec.ch\/fr\/wp-json\/wp\/v2\/comments?post=4702"}],"wp:featuredmedia":[{"embeddable":true,"href":"https:\/\/pathotec.ch\/fr\/wp-json\/wp\/v2\/media\/4388"}],"wp:attachment":[{"href":"https:\/\/pathotec.ch\/fr\/wp-json\/wp\/v2\/media?parent=4702"}],"wp:term":[{"taxonomy":"product_brand","embeddable":true,"href":"https:\/\/pathotec.ch\/fr\/wp-json\/wp\/v2\/product_brand?post=4702"},{"taxonomy":"product_cat","embeddable":true,"href":"https:\/\/pathotec.ch\/fr\/wp-json\/wp\/v2\/product_cat?post=4702"},{"taxonomy":"product_tag","embeddable":true,"href":"https:\/\/pathotec.ch\/fr\/wp-json\/wp\/v2\/product_tag?post=4702"}],"curies":[{"name":"wp","href":"https:\/\/api.w.org\/{rel}","templated":true}]}}