{"id":4701,"date":"2025-10-16T16:06:58","date_gmt":"2025-10-16T14:06:58","guid":{"rendered":"https:\/\/pathotec.ch\/produkt\/anticorps-anti-cytokeratine-7\/"},"modified":"2026-01-20T10:37:51","modified_gmt":"2026-01-20T09:37:51","slug":"anticorps-anti-cytokeratine-7","status":"publish","type":"product","link":"https:\/\/pathotec.ch\/fr\/produkt\/anticorps-anti-cytokeratine-7\/","title":{"rendered":"ANTICORPS ANTI-CYTOK\u00c9RATINE 7"},"excerpt":{"rendered":"<p>L&rsquo;anti-cytok\u00e9ratine 7 r\u00e9agit avec des prot\u00e9ines trouv\u00e9es dans la plupart des cellules \u00e9pith\u00e9liales ductales, glandulaires, transitionnelles et biliaires. Le marquage de la cytok\u00e9ratine 7 (CK7) peut aider \u00e0 distinguer les cancers du poumon, du sein et de l&rsquo;uroth\u00e9lium, qui sont typiquement color\u00e9s positivement, des cancers du c\u00f4lon et de la prostate, qui sont typiquement d\u00e9pourvus d&rsquo;expression de CK7. CK7 est un marqueur commun des ad\u00e9nocarcinomes pulmonaires primaires et est observ\u00e9 dans d&rsquo;autres carcinomes pulmonaires primaires et non pulmonaires. L&rsquo;anti-cytok\u00e9ratine 7 a \u00e9galement \u00e9t\u00e9 utile dans le diagnostic diff\u00e9rentiel des n\u00e9oplasmes ovariens.   <\/p>\n","protected":false},"featured_media":4396,"comment_status":"closed","ping_status":"closed","template":"","meta":{"_acf_changed":false},"product_brand":[],"product_cat":[148,420,113],"product_tag":[460,619,536,620],"class_list":{"0":"post-4701","1":"product","2":"type-product","3":"status-publish","4":"has-post-thumbnail","6":"product_cat-immunohistochimie-fr","7":"product_cat-antibody","8":"product_cat-consommables","9":"product_tag-antibody","10":"product_tag-antibody-de-cytokeratine-7","11":"product_tag-cytokeratine","12":"product_tag-cytokeratine-7","14":"first","15":"instock","16":"shipping-taxable","17":"product-type-simple"},"acf":[],"_links":{"self":[{"href":"https:\/\/pathotec.ch\/fr\/wp-json\/wp\/v2\/product\/4701","targetHints":{"allow":["GET"]}}],"collection":[{"href":"https:\/\/pathotec.ch\/fr\/wp-json\/wp\/v2\/product"}],"about":[{"href":"https:\/\/pathotec.ch\/fr\/wp-json\/wp\/v2\/types\/product"}],"replies":[{"embeddable":true,"href":"https:\/\/pathotec.ch\/fr\/wp-json\/wp\/v2\/comments?post=4701"}],"wp:featuredmedia":[{"embeddable":true,"href":"https:\/\/pathotec.ch\/fr\/wp-json\/wp\/v2\/media\/4396"}],"wp:attachment":[{"href":"https:\/\/pathotec.ch\/fr\/wp-json\/wp\/v2\/media?parent=4701"}],"wp:term":[{"taxonomy":"product_brand","embeddable":true,"href":"https:\/\/pathotec.ch\/fr\/wp-json\/wp\/v2\/product_brand?post=4701"},{"taxonomy":"product_cat","embeddable":true,"href":"https:\/\/pathotec.ch\/fr\/wp-json\/wp\/v2\/product_cat?post=4701"},{"taxonomy":"product_tag","embeddable":true,"href":"https:\/\/pathotec.ch\/fr\/wp-json\/wp\/v2\/product_tag?post=4701"}],"curies":[{"name":"wp","href":"https:\/\/api.w.org\/{rel}","templated":true}]}}