{"id":4697,"date":"2025-10-16T16:00:05","date_gmt":"2025-10-16T14:00:05","guid":{"rendered":"https:\/\/pathotec.ch\/produkt\/anticorps-cytokeratine-56\/"},"modified":"2025-10-16T16:00:05","modified_gmt":"2025-10-16T14:00:05","slug":"anticorps-cytokeratine-56","status":"publish","type":"product","link":"https:\/\/pathotec.ch\/fr\/produkt\/anticorps-cytokeratine-56\/","title":{"rendered":"ANTICORPS CYTOK\u00c9RATINE 5&amp;6"},"excerpt":{"rendered":"<p>Vingt cytok\u00e9ratines identifi\u00e9es forment une famille complexe de filaments interm\u00e9diaires. La cytok\u00e9ratine 5 (58 kDa) &amp; la cytok\u00e9ratine 6 (56 kDa) sont des k\u00e9ratines de type II de poids mol\u00e9culaire \u00e9lev\u00e9 qui sont exprim\u00e9es dans une grande vari\u00e9t\u00e9 de tissus normaux, notamment le sein, la prostate, le m\u00e9soth\u00e9lium, la peau et l&rsquo;\u0153sophage. Les anti-cytok\u00e9ratines 5 &amp; 6 sont un marqueur immunohistochimique utile dans l&rsquo;identification du m\u00e9soth\u00e9liome et du carcinome \u00e9pith\u00e9lial pulmonaire. En combinaison avec 34bE12 et P504S, il peut aider \u00e0 diagnostiquer les l\u00e9sions b\u00e9nignes et malignes de la prostate.   <\/p>\n","protected":false},"featured_media":4392,"comment_status":"closed","ping_status":"closed","template":"","meta":{"_acf_changed":false},"product_brand":[],"product_cat":[113,420,148],"product_tag":[460,610,536,611],"class_list":{"0":"post-4697","1":"product","2":"type-product","3":"status-publish","4":"has-post-thumbnail","6":"product_cat-consommables","7":"product_cat-antibody","8":"product_cat-immunohistochimie-fr","9":"product_tag-antibody","10":"product_tag-antibody-de-cytokeratine-56","11":"product_tag-cytokeratine","12":"product_tag-cytokeratine-56","14":"first","15":"instock","16":"shipping-taxable","17":"product-type-simple"},"acf":[],"_links":{"self":[{"href":"https:\/\/pathotec.ch\/fr\/wp-json\/wp\/v2\/product\/4697","targetHints":{"allow":["GET"]}}],"collection":[{"href":"https:\/\/pathotec.ch\/fr\/wp-json\/wp\/v2\/product"}],"about":[{"href":"https:\/\/pathotec.ch\/fr\/wp-json\/wp\/v2\/types\/product"}],"replies":[{"embeddable":true,"href":"https:\/\/pathotec.ch\/fr\/wp-json\/wp\/v2\/comments?post=4697"}],"wp:featuredmedia":[{"embeddable":true,"href":"https:\/\/pathotec.ch\/fr\/wp-json\/wp\/v2\/media\/4392"}],"wp:attachment":[{"href":"https:\/\/pathotec.ch\/fr\/wp-json\/wp\/v2\/media?parent=4697"}],"wp:term":[{"taxonomy":"product_brand","embeddable":true,"href":"https:\/\/pathotec.ch\/fr\/wp-json\/wp\/v2\/product_brand?post=4697"},{"taxonomy":"product_cat","embeddable":true,"href":"https:\/\/pathotec.ch\/fr\/wp-json\/wp\/v2\/product_cat?post=4697"},{"taxonomy":"product_tag","embeddable":true,"href":"https:\/\/pathotec.ch\/fr\/wp-json\/wp\/v2\/product_tag?post=4697"}],"curies":[{"name":"wp","href":"https:\/\/api.w.org\/{rel}","templated":true}]}}