{"id":4691,"date":"2025-10-17T14:19:47","date_gmt":"2025-10-17T12:19:47","guid":{"rendered":"https:\/\/pathotec.ch\/produkt\/erg-antibody\/"},"modified":"2025-10-17T14:19:47","modified_gmt":"2025-10-17T12:19:47","slug":"erg-antibody","status":"publish","type":"product","link":"https:\/\/pathotec.ch\/fr\/produkt\/erg-antibody\/","title":{"rendered":"ERG ANTIBODY"},"excerpt":{"rendered":"<p>Le facteur de transcription virus de l&rsquo;\u00e9rythroblastose E26 transforming sequence related gene (ERG) agit comme un r\u00e9gulateur de fonctions cellulaires importantes pour favoriser l&rsquo;hom\u00e9ostasie endoth\u00e9liale. L&rsquo;expression de l&rsquo;ERG a \u00e9t\u00e9 observ\u00e9e dans des tumeurs endoth\u00e9liales vasculaires b\u00e9nignes et malignes, telles que les h\u00e9mangiomes ou les sarcomes de Kaposi. Les carcinomes du sein, du c\u00f4lon et de l&rsquo;uroth\u00e9lium ont montr\u00e9 une absence d&rsquo;expression de l&rsquo;ERG, alors que la pr\u00e9sence de la prot\u00e9ine a \u00e9t\u00e9 confirm\u00e9e dans un sous-groupe de cas de carcinome de la prostate. L&rsquo;anti-ERG peut \u00eatre un outil utile pour identifier les n\u00e9oplasmes endoth\u00e9liaux vasculaires et distinguer les cancers de la prostate des tumeurs \u00e9pith\u00e9liales d&rsquo;origine non prostatique.   <\/p>\n","protected":false},"featured_media":4433,"comment_status":"closed","ping_status":"closed","template":"","meta":{"_acf_changed":false},"product_brand":[],"product_cat":[113,420,148],"product_tag":[460,599,598],"class_list":{"0":"post-4691","1":"product","2":"type-product","3":"status-publish","4":"has-post-thumbnail","6":"product_cat-consommables","7":"product_cat-antibody","8":"product_cat-immunohistochimie-fr","9":"product_tag-antibody","10":"product_tag-erg","11":"product_tag-erg-antibody","13":"first","14":"instock","15":"shipping-taxable","16":"product-type-simple"},"acf":[],"_links":{"self":[{"href":"https:\/\/pathotec.ch\/fr\/wp-json\/wp\/v2\/product\/4691","targetHints":{"allow":["GET"]}}],"collection":[{"href":"https:\/\/pathotec.ch\/fr\/wp-json\/wp\/v2\/product"}],"about":[{"href":"https:\/\/pathotec.ch\/fr\/wp-json\/wp\/v2\/types\/product"}],"replies":[{"embeddable":true,"href":"https:\/\/pathotec.ch\/fr\/wp-json\/wp\/v2\/comments?post=4691"}],"wp:featuredmedia":[{"embeddable":true,"href":"https:\/\/pathotec.ch\/fr\/wp-json\/wp\/v2\/media\/4433"}],"wp:attachment":[{"href":"https:\/\/pathotec.ch\/fr\/wp-json\/wp\/v2\/media?parent=4691"}],"wp:term":[{"taxonomy":"product_brand","embeddable":true,"href":"https:\/\/pathotec.ch\/fr\/wp-json\/wp\/v2\/product_brand?post=4691"},{"taxonomy":"product_cat","embeddable":true,"href":"https:\/\/pathotec.ch\/fr\/wp-json\/wp\/v2\/product_cat?post=4691"},{"taxonomy":"product_tag","embeddable":true,"href":"https:\/\/pathotec.ch\/fr\/wp-json\/wp\/v2\/product_tag?post=4691"}],"curies":[{"name":"wp","href":"https:\/\/api.w.org\/{rel}","templated":true}]}}