{"id":4690,"date":"2025-10-17T14:33:09","date_gmt":"2025-10-17T12:33:09","guid":{"rendered":"https:\/\/pathotec.ch\/produkt\/cd3-antibody\/"},"modified":"2025-10-17T14:33:09","modified_gmt":"2025-10-17T12:33:09","slug":"cd3-antibody","status":"publish","type":"product","link":"https:\/\/pathotec.ch\/fr\/produkt\/cd3-antibody\/","title":{"rendered":"CD3 ANTIBODY"},"excerpt":{"rendered":"<p>La d\u00e9tection immunohistochimique de CD3 localise le composant cytoplasmique de la prot\u00e9ine CD3. L&rsquo;anti-CD3 est consid\u00e9r\u00e9 comme un marqueur de cellules Pan-T et r\u00e9agit avec un antig\u00e8ne pr\u00e9sent \u00e0 la surface et dans le cytoplasme des lymphocytes T. L&rsquo;anti-CD3 est souvent utilis\u00e9 pour identifier les malignit\u00e9s des lymphocytes T immatures et matures. Dot\u00e9 d&rsquo;une grande sp\u00e9cificit\u00e9 et d&rsquo;une faible sensibilit\u00e9, il est associ\u00e9 au CD45RO pour am\u00e9liorer la pr\u00e9cision du diagnostic.   <\/p>\n","protected":false},"featured_media":4441,"comment_status":"closed","ping_status":"closed","template":"","meta":{"_acf_changed":false},"product_brand":[],"product_cat":[113,420,148],"product_tag":[460,596,597],"class_list":{"0":"post-4690","1":"product","2":"type-product","3":"status-publish","4":"has-post-thumbnail","6":"product_cat-consommables","7":"product_cat-antibody","8":"product_cat-immunohistochimie-fr","9":"product_tag-antibody","10":"product_tag-antibody-cd3","11":"product_tag-cd3","13":"first","14":"instock","15":"shipping-taxable","16":"product-type-simple"},"acf":[],"_links":{"self":[{"href":"https:\/\/pathotec.ch\/fr\/wp-json\/wp\/v2\/product\/4690","targetHints":{"allow":["GET"]}}],"collection":[{"href":"https:\/\/pathotec.ch\/fr\/wp-json\/wp\/v2\/product"}],"about":[{"href":"https:\/\/pathotec.ch\/fr\/wp-json\/wp\/v2\/types\/product"}],"replies":[{"embeddable":true,"href":"https:\/\/pathotec.ch\/fr\/wp-json\/wp\/v2\/comments?post=4690"}],"wp:featuredmedia":[{"embeddable":true,"href":"https:\/\/pathotec.ch\/fr\/wp-json\/wp\/v2\/media\/4441"}],"wp:attachment":[{"href":"https:\/\/pathotec.ch\/fr\/wp-json\/wp\/v2\/media?parent=4690"}],"wp:term":[{"taxonomy":"product_brand","embeddable":true,"href":"https:\/\/pathotec.ch\/fr\/wp-json\/wp\/v2\/product_brand?post=4690"},{"taxonomy":"product_cat","embeddable":true,"href":"https:\/\/pathotec.ch\/fr\/wp-json\/wp\/v2\/product_cat?post=4690"},{"taxonomy":"product_tag","embeddable":true,"href":"https:\/\/pathotec.ch\/fr\/wp-json\/wp\/v2\/product_tag?post=4690"}],"curies":[{"name":"wp","href":"https:\/\/api.w.org\/{rel}","templated":true}]}}