{"id":4689,"date":"2025-10-17T14:27:29","date_gmt":"2025-10-17T12:27:29","guid":{"rendered":"https:\/\/pathotec.ch\/produkt\/anticorps-podoplanine\/"},"modified":"2025-10-17T14:27:29","modified_gmt":"2025-10-17T12:27:29","slug":"anticorps-podoplanine","status":"publish","type":"product","link":"https:\/\/pathotec.ch\/fr\/produkt\/anticorps-podoplanine\/","title":{"rendered":"ANTICORPS PODOPLANINE"},"excerpt":{"rendered":"<p>La podoplanine est une mucoprot\u00e9ine transmembranaire (38 kD) reconnue par l&rsquo;anticorps monoclonal D2-40. La podoplanine est exprim\u00e9e de mani\u00e8re s\u00e9lective dans l&rsquo;endoth\u00e9lium lymphatique normal et malin, y compris dans les sarcomes de Kaposi. Il a \u00e9galement \u00e9t\u00e9 montr\u00e9 que la podoplanine est exprim\u00e9e dans les m\u00e9soth\u00e9liomes \u00e9pith\u00e9lio\u00efdes et les s\u00e9minomes.<br \/>\nElle est utile pour diagnostiquer les tumeurs d\u00e9riv\u00e9es de l&rsquo;endoth\u00e9lium lymphatique et pour d\u00e9terminer l&rsquo;apparition d&rsquo;une infiltration lymphatique et de m\u00e9tastases dans d&rsquo;autres tissus tumoraux.  <\/p>\n","protected":false},"featured_media":4437,"comment_status":"closed","ping_status":"closed","template":"","meta":{"_acf_changed":false},"product_brand":[],"product_cat":[113,420,148],"product_tag":[460,594,595],"class_list":{"0":"post-4689","1":"product","2":"type-product","3":"status-publish","4":"has-post-thumbnail","6":"product_cat-consommables","7":"product_cat-antibody","8":"product_cat-immunohistochimie-fr","9":"product_tag-antibody","10":"product_tag-antibody-de-la-podoplanine","11":"product_tag-podoplanine","13":"first","14":"instock","15":"shipping-taxable","16":"product-type-simple"},"acf":[],"_links":{"self":[{"href":"https:\/\/pathotec.ch\/fr\/wp-json\/wp\/v2\/product\/4689","targetHints":{"allow":["GET"]}}],"collection":[{"href":"https:\/\/pathotec.ch\/fr\/wp-json\/wp\/v2\/product"}],"about":[{"href":"https:\/\/pathotec.ch\/fr\/wp-json\/wp\/v2\/types\/product"}],"replies":[{"embeddable":true,"href":"https:\/\/pathotec.ch\/fr\/wp-json\/wp\/v2\/comments?post=4689"}],"wp:featuredmedia":[{"embeddable":true,"href":"https:\/\/pathotec.ch\/fr\/wp-json\/wp\/v2\/media\/4437"}],"wp:attachment":[{"href":"https:\/\/pathotec.ch\/fr\/wp-json\/wp\/v2\/media?parent=4689"}],"wp:term":[{"taxonomy":"product_brand","embeddable":true,"href":"https:\/\/pathotec.ch\/fr\/wp-json\/wp\/v2\/product_brand?post=4689"},{"taxonomy":"product_cat","embeddable":true,"href":"https:\/\/pathotec.ch\/fr\/wp-json\/wp\/v2\/product_cat?post=4689"},{"taxonomy":"product_tag","embeddable":true,"href":"https:\/\/pathotec.ch\/fr\/wp-json\/wp\/v2\/product_tag?post=4689"}],"curies":[{"name":"wp","href":"https:\/\/api.w.org\/{rel}","templated":true}]}}